{"id":689,"date":"2019-09-18T12:05:01","date_gmt":"2019-09-18T12:05:01","guid":{"rendered":"https:\/\/themes.getmotopress.com\/booklium-default\/?page_id=689"},"modified":"2023-09-17T15:54:21","modified_gmt":"2023-09-17T14:54:21","slug":"activities","status":"publish","type":"page","link":"https:\/\/saldae-dz.com\/ar\/activities\/","title":{"rendered":"Activit\u00e9s"},"content":{"rendered":"<div class=\"wp-block-getwid-section\" style=\"margin-bottom:50px\"><div class=\"wp-block-getwid-section__wrapper getwid-padding-top-none getwid-padding-bottom-none getwid-padding-left-none getwid-padding-right-none\"><div class=\"wp-block-getwid-section__inner-wrapper\"><div class=\"wp-block-getwid-section__background-holder\"><div class=\"wp-block-getwid-section__background\"><\/div><div class=\"wp-block-getwid-section__foreground\"><\/div><\/div><div class=\"wp-block-getwid-section__content\"><div class=\"wp-block-getwid-section__inner-content\">\n<div class=\"wp-block-getwid-video-popup is-style-rounded has-image has-animation-zoom-out has-foreground-20\"><a class=\"wp-block-getwid-video-popup__link\" href=\"https:\/\/www.youtube.com\/watch?v=yD-eB405CYQ\"><div class=\"wp-block-getwid-video-popup__wrapper\" style=\"min-height:400px\"><img loading=\"lazy\" decoding=\"async\" width=\"1350\" height=\"591\" src=\"https:\/\/saldae-dz.com\/wp-content\/uploads\/2019\/10\/Activities-video.jpg\" alt=\"\" class=\"wp-block-getwid-video-popup__image wp-block-getwid-video-popup__source wp-image-1102\" srcset=\"https:\/\/saldae-dz.com\/wp-content\/uploads\/2019\/10\/Activities-video.jpg 1350w, https:\/\/saldae-dz.com\/wp-content\/uploads\/2019\/10\/Activities-video-300x131.jpg 300w, https:\/\/saldae-dz.com\/wp-content\/uploads\/2019\/10\/Activities-video-1024x448.jpg 1024w, https:\/\/saldae-dz.com\/wp-content\/uploads\/2019\/10\/Activities-video-768x336.jpg 768w, https:\/\/saldae-dz.com\/wp-content\/uploads\/2019\/10\/Activities-video-892x390.jpg 892w, https:\/\/saldae-dz.com\/wp-content\/uploads\/2019\/10\/Activities-video-600x263.jpg 600w\" sizes=\"auto, (max-width: 1350px) 100vw, 1350px\" \/><div class=\"wp-block-getwid-video-popup__button is-style-outline is-size-small\" style=\"border-color:#ffffff\"><div class=\"wp-block-getwid-video-popup__icon has-text-color has-white-color has-background has-white-background-color\" style=\"border-color:#ffffff\"><i class=\"fas fa-play\" aria-hidden=\"true\"><\/i><\/div><\/div><\/div><\/a><div class=\"wp-block-getwid-video-popup__caption\"><\/div><\/div>\n<\/div><\/div><\/div><\/div><\/div>\n\n\n\n<div class=\"wp-block-columns has-2-columns is-layout-flex wp-container-core-columns-is-layout-9d6595d7 wp-block-columns-is-layout-flex\">\n<div class=\"wp-block-column is-layout-flow wp-block-column-is-layout-flow\">\n<div class=\"wp-block-getwid-advanced-heading\" style=\"margin-bottom:40px\"><h2 class=\"wp-block-getwid-advanced-heading__content\">Le cadre agr\u00e9able de la nature vous impressionnera<\/h2><\/div>\n\n\n\n<div class=\"wp-block-getwid-advanced-spacer getwid-hide-desktop getwid-hide-tablet\" style=\"height:10px\" aria-hidden=\"true\"><\/div>\n<\/div>\n\n\n\n<div class=\"wp-block-column is-layout-flow wp-block-column-is-layout-flow\">\n<p>Faites partie d&rsquo;une nature magnifique en participant \u00e0 l&rsquo;une des activit\u00e9s que nous avons \u00e0 vous proposer. Toutes les villas sont situ\u00e9es dans des endroits pittoresques, de sorte que la nature est toujours magnifique.<\/p>\n\n\n\n<p>Nous proposons un large \u00e9ventail d&rsquo;activit\u00e9s afin que chacun de nos visiteurs puisse trouver ce qu&rsquo;il voulait essayer depuis si longtemps. Il y a des circuits pour ceux qui prennent des risques et ceux qui n&rsquo;en prennent pas.<\/p>\n<\/div>\n<\/div>\n\n\n\n<div style=\"height:47px\" aria-hidden=\"true\" class=\"wp-block-spacer\"><\/div>\n\n\n\n<hr class=\"wp-block-separator has-css-opacity is-style-wide\"\/>\n\n\n\n<div class=\"wp-block-getwid-advanced-heading\" style=\"margin-bottom:5px;margin-top:81px\"><h2 class=\"wp-block-getwid-advanced-heading__content\" style=\"text-align:center\">Activit\u00e9s les plus appr\u00e9ci\u00e9es<\/h2><\/div>\n\n\n\n<div class=\"wp-block-getwid-advanced-heading\" style=\"margin-bottom:40px\"><span class=\"wp-block-getwid-advanced-heading__content\" style=\"text-align:center\"><\/span><\/div>\n\n\n\n<div class=\"wp-block-columns has-4-columns is-layout-flex wp-container-core-columns-is-layout-9d6595d7 wp-block-columns-is-layout-flex\">\n<div class=\"wp-block-column is-layout-flow wp-block-column-is-layout-flow\">\n<div class=\"wp-block-getwid-banner is-style-shadow-bottom has-foreground-undefined has-animation-style4 has-vertical-alignment-bottom\"><a href=\"#\" class=\"wp-block-getwid-banner__link\"><div class=\"wp-block-getwid-banner__wrapper\"><img loading=\"lazy\" decoding=\"async\" width=\"892\" height=\"1060\" src=\"https:\/\/saldae-dz.com\/wp-content\/uploads\/2019\/10\/Running.jpg\" alt=\"\" class=\"wp-block-getwid-banner__image wp-block-getwid-banner__source wp-image-1101\" srcset=\"https:\/\/saldae-dz.com\/wp-content\/uploads\/2019\/10\/Running.jpg 892w, https:\/\/saldae-dz.com\/wp-content\/uploads\/2019\/10\/Running-252x300.jpg 252w, https:\/\/saldae-dz.com\/wp-content\/uploads\/2019\/10\/Running-862x1024.jpg 862w, https:\/\/saldae-dz.com\/wp-content\/uploads\/2019\/10\/Running-768x913.jpg 768w, https:\/\/saldae-dz.com\/wp-content\/uploads\/2019\/10\/Running-600x713.jpg 600w\" sizes=\"auto, (max-width: 892px) 100vw, 892px\" \/><div class=\"wp-block-getwid-banner__caption\" style=\"min-height:315px\"><div class=\"wp-block-getwid-banner__caption-wrapper\"><span class=\"wp-block-getwid-banner__title\">La course<br><\/span><\/div><\/div><\/div><\/a><\/div>\n\n\n\n<div class=\"wp-block-getwid-banner is-style-shadow-bottom has-foreground-undefined has-animation-style4 has-vertical-alignment-bottom\"><a href=\"#\" class=\"wp-block-getwid-banner__link\"><div class=\"wp-block-getwid-banner__wrapper\"><img loading=\"lazy\" decoding=\"async\" width=\"892\" height=\"1060\" src=\"https:\/\/saldae-dz.com\/wp-content\/uploads\/2019\/10\/Festivals-Fairs.jpg\" alt=\"\" class=\"wp-block-getwid-banner__image wp-block-getwid-banner__source wp-image-1105\" srcset=\"https:\/\/saldae-dz.com\/wp-content\/uploads\/2019\/10\/Festivals-Fairs.jpg 892w, https:\/\/saldae-dz.com\/wp-content\/uploads\/2019\/10\/Festivals-Fairs-252x300.jpg 252w, https:\/\/saldae-dz.com\/wp-content\/uploads\/2019\/10\/Festivals-Fairs-862x1024.jpg 862w, https:\/\/saldae-dz.com\/wp-content\/uploads\/2019\/10\/Festivals-Fairs-768x913.jpg 768w, https:\/\/saldae-dz.com\/wp-content\/uploads\/2019\/10\/Festivals-Fairs-600x713.jpg 600w\" sizes=\"auto, (max-width: 892px) 100vw, 892px\" \/><div class=\"wp-block-getwid-banner__caption\" style=\"min-height:315px\"><div class=\"wp-block-getwid-banner__caption-wrapper\"><span class=\"wp-block-getwid-banner__title\">Festivals et foires<\/span><\/div><\/div><\/div><\/a><\/div>\n<\/div>\n\n\n\n<div class=\"wp-block-column is-layout-flow wp-block-column-is-layout-flow\">\n<div class=\"wp-block-getwid-banner is-style-shadow-bottom has-foreground-undefined has-animation-style4 has-vertical-alignment-bottom\"><a href=\"#\" class=\"wp-block-getwid-banner__link\"><div class=\"wp-block-getwid-banner__wrapper\"><img decoding=\"async\" src=\"https:\/\/saldae-dz.com\/wp-content\/uploads\/2019\/10\/Guide-services.jpg\" alt=\"\" class=\"wp-block-getwid-banner__image wp-block-getwid-banner__source wp-image-1152\"\/><div class=\"wp-block-getwid-banner__caption\" style=\"min-height:315px\"><div class=\"wp-block-getwid-banner__caption-wrapper\"><span class=\"wp-block-getwid-banner__title\">Tourn\u00e9e personnelle<\/span><\/div><\/div><\/div><\/a><\/div>\n\n\n\n<div class=\"wp-block-getwid-banner is-style-shadow-bottom has-foreground-undefined has-animation-style4 has-vertical-alignment-bottom\"><a href=\"#\" class=\"wp-block-getwid-banner__link\"><div class=\"wp-block-getwid-banner__wrapper\"><img loading=\"lazy\" decoding=\"async\" width=\"427\" height=\"640\" src=\"https:\/\/saldae-dz.com\/wp-content\/uploads\/2023\/09\/28834738633_b13d0b7541_z.jpg\" alt=\"\" class=\"wp-block-getwid-banner__image wp-block-getwid-banner__source wp-image-1409\" srcset=\"https:\/\/saldae-dz.com\/wp-content\/uploads\/2023\/09\/28834738633_b13d0b7541_z.jpg 427w, https:\/\/saldae-dz.com\/wp-content\/uploads\/2023\/09\/28834738633_b13d0b7541_z-200x300.jpg 200w\" sizes=\"auto, (max-width: 427px) 100vw, 427px\" \/><div class=\"wp-block-getwid-banner__caption\" style=\"min-height:315px\"><div class=\"wp-block-getwid-banner__caption-wrapper\"><span class=\"wp-block-getwid-banner__title\">Aventure<\/span><\/div><\/div><\/div><\/a><\/div>\n<\/div>\n\n\n\n<div class=\"wp-block-column is-layout-flow wp-block-column-is-layout-flow\">\n<div class=\"wp-block-getwid-banner is-style-shadow-bottom has-foreground-undefined has-animation-style4 has-vertical-alignment-bottom\"><a href=\"#\" class=\"wp-block-getwid-banner__link\"><div class=\"wp-block-getwid-banner__wrapper\"><img loading=\"lazy\" decoding=\"async\" width=\"892\" height=\"1061\" src=\"https:\/\/saldae-dz.com\/wp-content\/uploads\/2019\/09\/Fishing.jpg\" alt=\"\" class=\"wp-block-getwid-banner__image wp-block-getwid-banner__source wp-image-92\" srcset=\"https:\/\/saldae-dz.com\/wp-content\/uploads\/2019\/09\/Fishing.jpg 892w, https:\/\/saldae-dz.com\/wp-content\/uploads\/2019\/09\/Fishing-252x300.jpg 252w, https:\/\/saldae-dz.com\/wp-content\/uploads\/2019\/09\/Fishing-861x1024.jpg 861w, https:\/\/saldae-dz.com\/wp-content\/uploads\/2019\/09\/Fishing-768x914.jpg 768w, https:\/\/saldae-dz.com\/wp-content\/uploads\/2019\/09\/Fishing-600x714.jpg 600w\" sizes=\"auto, (max-width: 892px) 100vw, 892px\" \/><div class=\"wp-block-getwid-banner__caption\" style=\"min-height:315px\"><div class=\"wp-block-getwid-banner__caption-wrapper\"><span class=\"wp-block-getwid-banner__title\">P\u00eache<\/span><p class=\"wp-block-getwid-banner__text\"> <\/p><\/div><\/div><\/div><\/a><\/div>\n\n\n\n<div class=\"wp-block-getwid-banner is-style-shadow-bottom has-foreground-undefined has-animation-style4 has-vertical-alignment-bottom\"><a href=\"#\" class=\"wp-block-getwid-banner__link\"><div class=\"wp-block-getwid-banner__wrapper\"><img loading=\"lazy\" decoding=\"async\" width=\"1082\" height=\"720\" src=\"https:\/\/saldae-dz.com\/wp-content\/uploads\/2023\/09\/cap-carbon.jpg\" alt=\"\" class=\"wp-block-getwid-banner__image wp-block-getwid-banner__source wp-image-1406\" srcset=\"https:\/\/saldae-dz.com\/wp-content\/uploads\/2023\/09\/cap-carbon.jpg 1082w, https:\/\/saldae-dz.com\/wp-content\/uploads\/2023\/09\/cap-carbon-300x200.jpg 300w, https:\/\/saldae-dz.com\/wp-content\/uploads\/2023\/09\/cap-carbon-1024x681.jpg 1024w, https:\/\/saldae-dz.com\/wp-content\/uploads\/2023\/09\/cap-carbon-768x511.jpg 768w, https:\/\/saldae-dz.com\/wp-content\/uploads\/2023\/09\/cap-carbon-892x594.jpg 892w, https:\/\/saldae-dz.com\/wp-content\/uploads\/2023\/09\/cap-carbon-600x399.jpg 600w\" sizes=\"auto, (max-width: 1082px) 100vw, 1082px\" \/><div class=\"wp-block-getwid-banner__caption\" style=\"min-height:315px\"><div class=\"wp-block-getwid-banner__caption-wrapper\"><span class=\"wp-block-getwid-banner__title\">Randonn\u00e9e<\/span><\/div><\/div><\/div><\/a><\/div>\n<\/div>\n\n\n\n<div class=\"wp-block-column is-layout-flow wp-block-column-is-layout-flow\">\n<div class=\"wp-block-getwid-banner is-style-shadow-bottom has-foreground-undefined has-animation-style4 has-vertical-alignment-bottom\"><a href=\"#\" class=\"wp-block-getwid-banner__link\"><div class=\"wp-block-getwid-banner__wrapper\"><img loading=\"lazy\" decoding=\"async\" width=\"1920\" height=\"2560\" src=\"https:\/\/saldae-dz.com\/wp-content\/uploads\/2023\/09\/image-4.png\" alt=\"\" class=\"wp-block-getwid-banner__image wp-block-getwid-banner__source wp-image-1421\" srcset=\"https:\/\/saldae-dz.com\/wp-content\/uploads\/2023\/09\/image-4.png 1920w, https:\/\/saldae-dz.com\/wp-content\/uploads\/2023\/09\/image-4-225x300.png 225w, https:\/\/saldae-dz.com\/wp-content\/uploads\/2023\/09\/image-4-768x1024.png 768w, https:\/\/saldae-dz.com\/wp-content\/uploads\/2023\/09\/image-4-1152x1536.png 1152w, https:\/\/saldae-dz.com\/wp-content\/uploads\/2023\/09\/image-4-1536x2048.png 1536w, https:\/\/saldae-dz.com\/wp-content\/uploads\/2023\/09\/image-4-892x1189.png 892w, https:\/\/saldae-dz.com\/wp-content\/uploads\/2023\/09\/image-4-1350x1800.png 1350w, https:\/\/saldae-dz.com\/wp-content\/uploads\/2023\/09\/image-4-600x800.png 600w\" sizes=\"auto, (max-width: 1920px) 100vw, 1920px\" \/><div class=\"wp-block-getwid-banner__caption\" style=\"min-height:315px\"><div class=\"wp-block-getwid-banner__caption-wrapper\"><span class=\"wp-block-getwid-banner__title\">Baignade<\/span><p class=\"wp-block-getwid-banner__text\">  <\/p><\/div><\/div><\/div><\/a><\/div>\n\n\n\n<div class=\"wp-block-getwid-banner is-style-shadow-bottom has-foreground-undefined has-animation-style4 has-vertical-alignment-bottom\"><a href=\"#\" class=\"wp-block-getwid-banner__link\"><div class=\"wp-block-getwid-banner__wrapper\"><img loading=\"lazy\" decoding=\"async\" width=\"892\" height=\"1061\" src=\"https:\/\/saldae-dz.com\/wp-content\/uploads\/2019\/09\/Bicycles.jpg\" alt=\"\" class=\"wp-block-getwid-banner__image wp-block-getwid-banner__source wp-image-91\" srcset=\"https:\/\/saldae-dz.com\/wp-content\/uploads\/2019\/09\/Bicycles.jpg 892w, https:\/\/saldae-dz.com\/wp-content\/uploads\/2019\/09\/Bicycles-252x300.jpg 252w, https:\/\/saldae-dz.com\/wp-content\/uploads\/2019\/09\/Bicycles-861x1024.jpg 861w, https:\/\/saldae-dz.com\/wp-content\/uploads\/2019\/09\/Bicycles-768x914.jpg 768w, https:\/\/saldae-dz.com\/wp-content\/uploads\/2019\/09\/Bicycles-600x714.jpg 600w\" sizes=\"auto, (max-width: 892px) 100vw, 892px\" \/><div class=\"wp-block-getwid-banner__caption\" style=\"min-height:315px\"><div class=\"wp-block-getwid-banner__caption-wrapper\"><span class=\"wp-block-getwid-banner__title\">Randonn\u00e9e \u00e0 v\u00e9lo<\/span><p class=\"wp-block-getwid-banner__text\">  <\/p><\/div><\/div><\/div><\/a><\/div>\n<\/div>\n<\/div>\n\n\n\n<div style=\"height:50px\" aria-hidden=\"true\" class=\"wp-block-spacer\"><\/div>\n\n\n\n<div class=\"wp-block-columns has-2-columns is-layout-flex wp-container-core-columns-is-layout-9d6595d7 wp-block-columns-is-layout-flex\">\n<div class=\"wp-block-column is-layout-flow wp-block-column-is-layout-flow\">\n<div class=\"wp-block-getwid-section is-style-with-shadow\"><div class=\"wp-block-getwid-section__wrapper getwid-padding-top-medium getwid-padding-bottom-medium getwid-padding-left-medium getwid-padding-right-medium\"><div class=\"wp-block-getwid-section__inner-wrapper\"><div class=\"wp-block-getwid-section__background-holder\"><div class=\"wp-block-getwid-section__background has-background has-white-background-color\"><\/div><div class=\"wp-block-getwid-section__foreground\"><\/div><\/div><div class=\"wp-block-getwid-section__content\"><div class=\"wp-block-getwid-section__inner-content\">\n<div class=\"wp-block-getwid-image-box has-image-left has-text-left has-mobile-layout-default has-mobile-alignment-default\"><div class=\"wp-block-getwid-image-box__image-container is-position-middle\"><div class=\"wp-block-getwid-image-box__image-wrapper\"><img loading=\"lazy\" decoding=\"async\" width=\"66\" height=\"64\" src=\"https:\/\/saldae-dz.com\/wp-content\/uploads\/2019\/10\/trustsafety1.png\" alt=\"\" class=\"wp-block-getwid-image-box__image wp-image-1088\"\/><\/div><\/div><div class=\"wp-block-getwid-image-box__content\">\n<h4 class=\"wp-block-heading\">Money Back Guarantee<\/h4>\n\n\n\n<p class=\"has-small-font-size\">Provided you refuse to take a reserved tour, take your money back. <\/p>\n<\/div><\/div>\n<\/div><\/div><\/div><\/div><\/div>\n<\/div>\n\n\n\n<div class=\"wp-block-column is-layout-flow wp-block-column-is-layout-flow\">\n<div class=\"wp-block-getwid-section is-style-with-shadow\"><div class=\"wp-block-getwid-section__wrapper getwid-padding-top-medium getwid-padding-bottom-medium getwid-padding-left-medium getwid-padding-right-medium\"><div class=\"wp-block-getwid-section__inner-wrapper\"><div class=\"wp-block-getwid-section__background-holder\"><div class=\"wp-block-getwid-section__background has-background has-white-background-color\"><\/div><div class=\"wp-block-getwid-section__foreground\"><\/div><\/div><div class=\"wp-block-getwid-section__content\"><div class=\"wp-block-getwid-section__inner-content\">\n<div class=\"wp-block-getwid-image-box has-image-left has-text-left has-mobile-layout-default has-mobile-alignment-default\"><div class=\"wp-block-getwid-image-box__image-container is-position-middle\"><div class=\"wp-block-getwid-image-box__image-wrapper\"><img loading=\"lazy\" decoding=\"async\" width=\"64\" height=\"64\" src=\"https:\/\/saldae-dz.com\/wp-content\/uploads\/2019\/10\/warranty-and-return1.png\" alt=\"\" class=\"wp-block-getwid-image-box__image wp-image-1095\"\/><\/div><\/div><div class=\"wp-block-getwid-image-box__content\">\n<h4 class=\"wp-block-heading\">Warranty and Return<\/h4>\n\n\n\n<p class=\"has-small-font-size\">Your luggage will be safely stored by us under the strictest control.<\/p>\n<\/div><\/div>\n<\/div><\/div><\/div><\/div><\/div>\n<\/div>\n<\/div>","protected":false},"excerpt":{"rendered":"<p>From secluded speakeasies to desert drives, learn new skills and immerse yourself in local culture. Every experience is vetted for quality, and you don\u2019t need to book a home to take one.<\/p>","protected":false},"author":1,"featured_media":0,"parent":0,"menu_order":0,"comment_status":"closed","ping_status":"closed","template":"template-wide-page.php","meta":{"inline_featured_image":false,"footnotes":""},"class_list":["post-689","page","type-page","status-publish","hentry"],"_links":{"self":[{"href":"https:\/\/saldae-dz.com\/ar\/wp-json\/wp\/v2\/pages\/689","targetHints":{"allow":["GET"]}}],"collection":[{"href":"https:\/\/saldae-dz.com\/ar\/wp-json\/wp\/v2\/pages"}],"about":[{"href":"https:\/\/saldae-dz.com\/ar\/wp-json\/wp\/v2\/types\/page"}],"author":[{"embeddable":true,"href":"https:\/\/saldae-dz.com\/ar\/wp-json\/wp\/v2\/users\/1"}],"replies":[{"embeddable":true,"href":"https:\/\/saldae-dz.com\/ar\/wp-json\/wp\/v2\/comments?post=689"}],"version-history":[{"count":4,"href":"https:\/\/saldae-dz.com\/ar\/wp-json\/wp\/v2\/pages\/689\/revisions"}],"predecessor-version":[{"id":1485,"href":"https:\/\/saldae-dz.com\/ar\/wp-json\/wp\/v2\/pages\/689\/revisions\/1485"}],"wp:attachment":[{"href":"https:\/\/saldae-dz.com\/ar\/wp-json\/wp\/v2\/media?parent=689"}],"curies":[{"name":"wp","href":"https:\/\/api.w.org\/{rel}","templated":true}]}}