{"id":581,"date":"2019-09-17T12:05:27","date_gmt":"2019-09-17T11:05:27","guid":{"rendered":"https:\/\/themes.getmotopress.com\/booklium-default\/?page_id=581"},"modified":"2023-12-19T12:18:04","modified_gmt":"2023-12-19T11:18:04","slug":"restaurant","status":"publish","type":"page","link":"https:\/\/saldae-dz.com\/ar\/restaurant\/","title":{"rendered":"Restaurants"},"content":{"rendered":"<div class=\"wp-block-columns is-layout-flex wp-container-core-columns-is-layout-9d6595d7 wp-block-columns-is-layout-flex\">\n<div class=\"wp-block-column is-layout-flow wp-block-column-is-layout-flow\">\n<figure class=\"wp-block-image size-full\"><a href=\"https:\/\/saldae-dz.com\/wp-content\/uploads\/2023\/12\/Restaurant-Bab-el-Bahr-scaled-1.png\"><img loading=\"lazy\" decoding=\"async\" width=\"800\" height=\"540\" src=\"https:\/\/saldae-dz.com\/wp-content\/uploads\/2023\/12\/Restaurant-Bab-el-Bahr-scaled-1.png\" alt=\"\" class=\"wp-image-2300\" srcset=\"https:\/\/saldae-dz.com\/wp-content\/uploads\/2023\/12\/Restaurant-Bab-el-Bahr-scaled-1.png 800w, https:\/\/saldae-dz.com\/wp-content\/uploads\/2023\/12\/Restaurant-Bab-el-Bahr-scaled-1-300x203.png 300w, https:\/\/saldae-dz.com\/wp-content\/uploads\/2023\/12\/Restaurant-Bab-el-Bahr-scaled-1-768x518.png 768w, https:\/\/saldae-dz.com\/wp-content\/uploads\/2023\/12\/Restaurant-Bab-el-Bahr-scaled-1-18x12.png 18w, https:\/\/saldae-dz.com\/wp-content\/uploads\/2023\/12\/Restaurant-Bab-el-Bahr-scaled-1-600x405.png 600w\" sizes=\"auto, (max-width: 800px) 100vw, 800px\" \/><\/a><\/figure>\n<\/div>\n\n\n\n<div class=\"wp-block-column is-layout-flow wp-block-column-is-layout-flow\">\n<figure class=\"wp-block-image size-full\"><a href=\"https:\/\/saldae-dz.com\/wp-content\/uploads\/2023\/12\/Restaurant-le-mediterraneen-scaled-1.png\"><img loading=\"lazy\" decoding=\"async\" width=\"800\" height=\"540\" src=\"https:\/\/saldae-dz.com\/wp-content\/uploads\/2023\/12\/Restaurant-le-mediterraneen-scaled-1.png\" alt=\"\" class=\"wp-image-2302\" srcset=\"https:\/\/saldae-dz.com\/wp-content\/uploads\/2023\/12\/Restaurant-le-mediterraneen-scaled-1.png 800w, https:\/\/saldae-dz.com\/wp-content\/uploads\/2023\/12\/Restaurant-le-mediterraneen-scaled-1-300x203.png 300w, https:\/\/saldae-dz.com\/wp-content\/uploads\/2023\/12\/Restaurant-le-mediterraneen-scaled-1-768x518.png 768w, https:\/\/saldae-dz.com\/wp-content\/uploads\/2023\/12\/Restaurant-le-mediterraneen-scaled-1-18x12.png 18w, https:\/\/saldae-dz.com\/wp-content\/uploads\/2023\/12\/Restaurant-le-mediterraneen-scaled-1-600x405.png 600w\" sizes=\"auto, (max-width: 800px) 100vw, 800px\" \/><\/a><\/figure>\n<\/div>\n\n\n\n<div class=\"wp-block-column is-layout-flow wp-block-column-is-layout-flow\">\n<figure class=\"wp-block-image size-full\"><a href=\"https:\/\/saldae-dz.com\/wp-content\/uploads\/2023\/12\/Saldae-Coffee-Shop-scaled-1.png\"><img loading=\"lazy\" decoding=\"async\" width=\"800\" height=\"540\" src=\"https:\/\/saldae-dz.com\/wp-content\/uploads\/2023\/12\/Saldae-Coffee-Shop-scaled-1.png\" alt=\"\" class=\"wp-image-2303\" srcset=\"https:\/\/saldae-dz.com\/wp-content\/uploads\/2023\/12\/Saldae-Coffee-Shop-scaled-1.png 800w, https:\/\/saldae-dz.com\/wp-content\/uploads\/2023\/12\/Saldae-Coffee-Shop-scaled-1-300x203.png 300w, https:\/\/saldae-dz.com\/wp-content\/uploads\/2023\/12\/Saldae-Coffee-Shop-scaled-1-768x518.png 768w, https:\/\/saldae-dz.com\/wp-content\/uploads\/2023\/12\/Saldae-Coffee-Shop-scaled-1-18x12.png 18w, https:\/\/saldae-dz.com\/wp-content\/uploads\/2023\/12\/Saldae-Coffee-Shop-scaled-1-600x405.png 600w\" sizes=\"auto, (max-width: 800px) 100vw, 800px\" \/><\/a><\/figure>\n<\/div>\n<\/div>\n\n\n\n<div class=\"wp-block-columns is-layout-flex wp-container-core-columns-is-layout-9d6595d7 wp-block-columns-is-layout-flex\">\n<div class=\"wp-block-column is-layout-flow wp-block-column-is-layout-flow\">\n<h3 class=\"wp-block-heading\">Restaurant Bab el Bahr<\/h3>\n\n\n\n<p><strong>Restaurant gastronomique \u00e0 la carte.<\/strong>&nbsp;Ouvert tous les jours de&nbsp;<strong>12h00<\/strong>&nbsp;\u00e0&nbsp;<strong>14h30<\/strong>&nbsp;et de&nbsp;<strong>19h00<\/strong>&nbsp;\u00e0&nbsp;<strong>22h00.<\/strong><\/p>\n<\/div>\n\n\n\n<div class=\"wp-block-column is-layout-flow wp-block-column-is-layout-flow\">\n<h3 class=\"wp-block-heading\">Restaurant le m\u00e9diterran\u00e9en<\/h3>\n\n\n\n<p><strong>Restaurant self-service.<\/strong>&nbsp;Ouvert tous les jours de&nbsp;<strong>12h00<\/strong>&nbsp;\u00e0&nbsp;<strong>14h30<\/strong>&nbsp;et de&nbsp;<strong>19h00<\/strong>&nbsp;\u00e0&nbsp;<strong>22h00.<\/strong><\/p>\n<\/div>\n\n\n\n<div class=\"wp-block-column is-layout-flow wp-block-column-is-layout-flow\">\n<h3 class=\"wp-block-heading\">Saldae Coffee Shop<\/h3>\n\n\n\n<p><strong>Coffee Shop<\/strong>&nbsp;Ouvert tous les jours de&nbsp;<strong>09h00<\/strong>&nbsp;\u00e0&nbsp;<strong>00h00<\/strong><\/p>\n<\/div>\n<\/div>\n\n\n\n<div class=\"wp-block-getwid-section\"><div class=\"wp-block-getwid-section__wrapper getwid-padding-left-none getwid-padding-right-none\" style=\"padding-top:30px\"><div class=\"wp-block-getwid-section__inner-wrapper\"><div class=\"wp-block-getwid-section__background-holder\"><div class=\"wp-block-getwid-section__background\"><\/div><div class=\"wp-block-getwid-section__foreground\"><\/div><\/div><div class=\"wp-block-getwid-section__content\"><div class=\"wp-block-getwid-section__inner-content\">\n<div class=\"wp-block-getwid-advanced-heading\" style=\"margin-bottom:20px\"><h2 class=\"wp-block-getwid-advanced-heading__content\" style=\"text-align:center\">Au menu<\/h2><\/div>\n\n\n\n<p class=\"has-text-align-center\">Seuls les meilleurs plats, soigneusement pr\u00e9par\u00e9s par nos chefs, figurent \u00e0 notre menu. D\u00e9couvrez des saveurs venues des quatre coins du globe \u2013 laissez-nous vous emmener dans un voyage culinaire surprenant, vous laissant \u00e0 la fois impressionn\u00e9 et rassasi\u00e9.<\/p>\n<\/div><\/div><\/div><\/div><\/div>\n\n\n\n<div class=\"wp-block-getwid-section is-style-rounded\" style=\"margin-top:44px;margin-bottom:60px\"><div class=\"wp-block-getwid-section__wrapper\" style=\"min-height:330px\"><div class=\"wp-block-getwid-section__inner-wrapper\"><div class=\"wp-block-getwid-section__background-holder\"><div class=\"wp-block-getwid-section__background\" style=\"background-image:url('https:\/\/saldae-dz.com\/wp-content\/uploads\/2023\/12\/362287555_167990312960103_4005960294730806354_n.jpg')\"><div class=\"wp-block-getwid-section__background-image-wrapper\"><img decoding=\"async\" class=\"wp-block-getwid-section__background-image\" src=\"https:\/\/saldae-dz.com\/wp-content\/uploads\/2023\/12\/362287555_167990312960103_4005960294730806354_n.jpg\" alt=\"\"\/><\/div><\/div><div class=\"wp-block-getwid-section__foreground\"><\/div><\/div><div class=\"wp-block-getwid-section__content\"><div class=\"wp-block-getwid-section__inner-content\">\n<div class=\"wp-block-getwid-advanced-heading has-custom-font-size\" style=\"font-size:48px;margin-bottom:5px\"><h2 class=\"wp-block-getwid-advanced-heading__content has-text-color has-white-color\" style=\"text-align:center\">Petit d\u00e9jeuner<\/h2><\/div>\n\n\n\n<div class=\"wp-block-getwid-advanced-heading has-custom-font-size\" style=\"font-size:14px\"><span class=\"wp-block-getwid-advanced-heading__content has-text-color has-white-color\" style=\"text-align:center;font-weight:500\">Des plats savoureux<br><\/span><\/div>\n<\/div><\/div><\/div><\/div><\/div>\n\n\n\n<div class=\"wp-block-columns has-2-columns is-layout-flex wp-container-core-columns-is-layout-9d6595d7 wp-block-columns-is-layout-flex\">\n<div class=\"wp-block-column is-layout-flow wp-block-column-is-layout-flow\"><\/div>\n\n\n\n<div class=\"wp-block-column is-layout-flow wp-block-column-is-layout-flow\"><\/div>\n<\/div>\n\n\n\n<div class=\"wp-block-getwid-section is-style-rounded\" style=\"margin-top:44px;margin-bottom:60px\"><div class=\"wp-block-getwid-section__wrapper\" style=\"min-height:330px\"><div class=\"wp-block-getwid-section__inner-wrapper\"><div class=\"wp-block-getwid-section__background-holder\"><div class=\"wp-block-getwid-section__background\" style=\"background-image:url('https:\/\/saldae-dz.com\/wp-content\/uploads\/2023\/12\/IMG_1340.jpg')\"><div class=\"wp-block-getwid-section__background-image-wrapper\"><img decoding=\"async\" class=\"wp-block-getwid-section__background-image\" src=\"https:\/\/saldae-dz.com\/wp-content\/uploads\/2023\/12\/IMG_1340.jpg\" alt=\"\"\/><\/div><\/div><div class=\"wp-block-getwid-section__foreground\"><\/div><\/div><div class=\"wp-block-getwid-section__content\"><div class=\"wp-block-getwid-section__inner-content\">\n<div class=\"wp-block-getwid-advanced-heading has-custom-font-size\" style=\"font-size:48px;margin-bottom:5px\"><h2 class=\"wp-block-getwid-advanced-heading__content has-text-color has-white-color\" style=\"text-align:center\">D\u00eener<\/h2><\/div>\n\n\n\n<div class=\"wp-block-getwid-advanced-heading has-custom-font-size\" style=\"font-size:14px\"><span class=\"wp-block-getwid-advanced-heading__content has-text-color has-white-color\" style=\"text-align:center;font-weight:500\">Tout ce dont vous r\u00eavez dans l\u2019assiette<\/span><\/div>\n<\/div><\/div><\/div><\/div><\/div>\n\n\n\n<div class=\"wp-block-columns has-2-columns is-layout-flex wp-container-core-columns-is-layout-9d6595d7 wp-block-columns-is-layout-flex\">\n<div class=\"wp-block-column is-layout-flow wp-block-column-is-layout-flow\"><\/div>\n\n\n\n<div class=\"wp-block-column is-layout-flow wp-block-column-is-layout-flow\"><\/div>\n<\/div>\n\n\n\n<div class=\"wp-block-getwid-section is-style-rounded\" style=\"margin-top:44px;margin-bottom:60px\"><div class=\"wp-block-getwid-section__wrapper\" style=\"min-height:330px\"><div class=\"wp-block-getwid-section__inner-wrapper\"><div class=\"wp-block-getwid-section__background-holder\"><div class=\"wp-block-getwid-section__background\" style=\"background-image:url('https:\/\/saldae-dz.com\/wp-content\/uploads\/2023\/12\/IMG_1629-scaled.jpg')\"><div class=\"wp-block-getwid-section__background-image-wrapper\"><img decoding=\"async\" class=\"wp-block-getwid-section__background-image\" src=\"https:\/\/saldae-dz.com\/wp-content\/uploads\/2023\/12\/IMG_1629-scaled.jpg\" alt=\"\"\/><\/div><\/div><div class=\"wp-block-getwid-section__foreground\"><\/div><\/div><div class=\"wp-block-getwid-section__content\"><div class=\"wp-block-getwid-section__inner-content\">\n<div class=\"wp-block-getwid-advanced-heading has-custom-font-size\" style=\"font-size:48px;margin-bottom:5px\"><h2 class=\"wp-block-getwid-advanced-heading__content has-text-color has-white-color\" style=\"text-align:center\">Boissons<\/h2><\/div>\n\n\n\n<div class=\"wp-block-getwid-advanced-heading has-custom-font-size\" style=\"font-size:14px\"><span class=\"wp-block-getwid-advanced-heading__content has-text-color has-white-color\" style=\"text-align:center;font-weight:500\">Des boissons chaudes, rafra\u00eechissantes, fra\u00eeches ou acidul\u00e9es pour vous<\/span><\/div>\n<\/div><\/div><\/div><\/div><\/div>\n\n\n\n<div class=\"wp-block-columns has-2-columns is-layout-flex wp-container-core-columns-is-layout-9d6595d7 wp-block-columns-is-layout-flex\">\n<div class=\"wp-block-column is-layout-flow wp-block-column-is-layout-flow\"><\/div>\n\n\n\n<div class=\"wp-block-column is-layout-flow wp-block-column-is-layout-flow\"><\/div>\n<\/div>","protected":false},"excerpt":{"rendered":"<p>D\u00e9gustez les d\u00e9lices du Restaurant Le M\u00e9diterran\u00e9en. Des plats exquis assortis d&rsquo;une vue imprenable depuis la terrasse, accompagn\u00e9s d&rsquo;un coucher de soleil inoubliable, resteront grav\u00e9s \u00e0 jamais dans votre m\u00e9moire.<\/p>","protected":false},"author":1,"featured_media":2292,"parent":0,"menu_order":0,"comment_status":"closed","ping_status":"closed","template":"template-wide-page.php","meta":{"inline_featured_image":false,"footnotes":""},"class_list":["post-581","page","type-page","status-publish","has-post-thumbnail","hentry"],"_links":{"self":[{"href":"https:\/\/saldae-dz.com\/ar\/wp-json\/wp\/v2\/pages\/581","targetHints":{"allow":["GET"]}}],"collection":[{"href":"https:\/\/saldae-dz.com\/ar\/wp-json\/wp\/v2\/pages"}],"about":[{"href":"https:\/\/saldae-dz.com\/ar\/wp-json\/wp\/v2\/types\/page"}],"author":[{"embeddable":true,"href":"https:\/\/saldae-dz.com\/ar\/wp-json\/wp\/v2\/users\/1"}],"replies":[{"embeddable":true,"href":"https:\/\/saldae-dz.com\/ar\/wp-json\/wp\/v2\/comments?post=581"}],"version-history":[{"count":8,"href":"https:\/\/saldae-dz.com\/ar\/wp-json\/wp\/v2\/pages\/581\/revisions"}],"predecessor-version":[{"id":2304,"href":"https:\/\/saldae-dz.com\/ar\/wp-json\/wp\/v2\/pages\/581\/revisions\/2304"}],"wp:featuredmedia":[{"embeddable":true,"href":"https:\/\/saldae-dz.com\/ar\/wp-json\/wp\/v2\/media\/2292"}],"wp:attachment":[{"href":"https:\/\/saldae-dz.com\/ar\/wp-json\/wp\/v2\/media?parent=581"}],"curies":[{"name":"wp","href":"https:\/\/api.w.org\/{rel}","templated":true}]}}