{"id":554,"date":"2019-09-17T11:28:45","date_gmt":"2019-09-17T11:28:45","guid":{"rendered":"https:\/\/themes.getmotopress.com\/booklium-default\/?page_id=554"},"modified":"2023-09-17T16:05:18","modified_gmt":"2023-09-17T15:05:18","slug":"amenities","status":"publish","type":"page","link":"https:\/\/saldae-dz.com\/ar\/amenities\/","title":{"rendered":"Am\u00e9nagements"},"content":{"rendered":"<div class=\"wp-block-getwid-section getwid-margin-top-none getwid-section-content-custom-width\"><div class=\"wp-block-getwid-section__wrapper getwid-padding-left-none getwid-padding-right-none\" style=\"padding-top:30px;padding-bottom:20px\"><div class=\"wp-block-getwid-section__inner-wrapper\" style=\"max-width:892px\"><div class=\"wp-block-getwid-section__background-holder\"><div class=\"wp-block-getwid-section__background\"><\/div><div class=\"wp-block-getwid-section__foreground\"><\/div><\/div><div class=\"wp-block-getwid-section__content\"><div class=\"wp-block-getwid-section__inner-content\">\n<div class=\"wp-block-getwid-advanced-heading\" style=\"margin-bottom:10px\"><h4 class=\"wp-block-getwid-advanced-heading__content\" style=\"text-align:center\">Profitez de tous nos \u00e9quipements et services.<\/h4><\/div>\n\n\n\n<p class=\"has-text-align-center\" style=\"font-size:14px\">Chaque maison dispose d&rsquo;une grande piscine avec une vue imprenable. Nous prenons soin de votre sant\u00e9, c&rsquo;est pourquoi les piscines sont nettoy\u00e9es tous les jours par nos professionnels \u00e0 des heures qui vous conviennent. Nous pouvons la d\u00e9corer avec des p\u00e9tales de roses pour votre soir\u00e9e romantique. Nous pouvons la d\u00e9corer avec des p\u00e9tales de roses pour votre soir\u00e9e romantique.<\/p>\n<\/div><\/div><\/div><\/div><\/div>\n\n\n\n<div class=\"wp-block-columns has-2-columns is-layout-flex wp-container-core-columns-is-layout-9d6595d7 wp-block-columns-is-layout-flex\">\n<div class=\"wp-block-column is-layout-flow wp-block-column-is-layout-flow\">\n<div class=\"wp-block-getwid-section is-style-with-shadow\"><div class=\"wp-block-getwid-section__wrapper getwid-padding-top-medium getwid-padding-bottom-medium getwid-padding-left-medium getwid-padding-right-medium\"><div class=\"wp-block-getwid-section__inner-wrapper\"><div class=\"wp-block-getwid-section__background-holder\"><div class=\"wp-block-getwid-section__background has-background has-white-background-color\"><\/div><div class=\"wp-block-getwid-section__foreground\"><\/div><\/div><div class=\"wp-block-getwid-section__content\"><div class=\"wp-block-getwid-section__inner-content\">\n<div class=\"wp-block-getwid-image-box has-image-left has-text-left has-mobile-layout-column has-mobile-alignment-center\"><div class=\"wp-block-getwid-image-box__image-container is-position-middle\"><div class=\"wp-block-getwid-image-box__image-wrapper\"><img loading=\"lazy\" decoding=\"async\" width=\"892\" height=\"892\" src=\"https:\/\/saldae-dz.com\/wp-content\/uploads\/2019\/10\/Coffee-machine.jpg\" alt=\"\" class=\"wp-block-getwid-image-box__image wp-image-1114\" srcset=\"https:\/\/saldae-dz.com\/wp-content\/uploads\/2019\/10\/Coffee-machine.jpg 892w, https:\/\/saldae-dz.com\/wp-content\/uploads\/2019\/10\/Coffee-machine-300x300.jpg 300w, https:\/\/saldae-dz.com\/wp-content\/uploads\/2019\/10\/Coffee-machine-150x150.jpg 150w, https:\/\/saldae-dz.com\/wp-content\/uploads\/2019\/10\/Coffee-machine-768x768.jpg 768w, https:\/\/saldae-dz.com\/wp-content\/uploads\/2019\/10\/Coffee-machine-600x600.jpg 600w, https:\/\/saldae-dz.com\/wp-content\/uploads\/2019\/10\/Coffee-machine-100x100.jpg 100w\" sizes=\"auto, (max-width: 892px) 100vw, 892px\" \/><\/div><\/div><div class=\"wp-block-getwid-image-box__content\">\n<div class=\"wp-block-getwid-advanced-heading\" style=\"margin-bottom:15px\"><h4 class=\"wp-block-getwid-advanced-heading__content\">Machine \u00e0 caf\u00e9<\/h4><\/div>\n\n\n\n<p style=\"font-size:14px\">L&rsquo;immense piscine de 15 m\u00e8tres d&rsquo;exercice est d\u00e9licieuse pour s&rsquo;asseoir avec vue sur l&rsquo;immense oc\u00e9an bleu.<\/p>\n<\/div><\/div>\n<\/div><\/div><\/div><\/div><\/div>\n\n\n\n<div class=\"wp-block-getwid-section is-style-with-shadow\"><div class=\"wp-block-getwid-section__wrapper getwid-padding-top-medium getwid-padding-bottom-medium getwid-padding-left-medium getwid-padding-right-medium\"><div class=\"wp-block-getwid-section__inner-wrapper\"><div class=\"wp-block-getwid-section__background-holder\"><div class=\"wp-block-getwid-section__background has-background has-white-background-color\"><\/div><div class=\"wp-block-getwid-section__foreground\"><\/div><\/div><div class=\"wp-block-getwid-section__content\"><div class=\"wp-block-getwid-section__inner-content\">\n<div class=\"wp-block-getwid-image-box has-image-left has-text-left has-mobile-layout-column has-mobile-alignment-center\"><div class=\"wp-block-getwid-image-box__image-container is-position-middle\"><div class=\"wp-block-getwid-image-box__image-wrapper\"><img loading=\"lazy\" decoding=\"async\" width=\"892\" height=\"892\" src=\"https:\/\/saldae-dz.com\/wp-content\/uploads\/2019\/10\/Touristic-information.jpg\" alt=\"\" class=\"wp-block-getwid-image-box__image wp-image-1115\" srcset=\"https:\/\/saldae-dz.com\/wp-content\/uploads\/2019\/10\/Touristic-information.jpg 892w, https:\/\/saldae-dz.com\/wp-content\/uploads\/2019\/10\/Touristic-information-300x300.jpg 300w, https:\/\/saldae-dz.com\/wp-content\/uploads\/2019\/10\/Touristic-information-150x150.jpg 150w, https:\/\/saldae-dz.com\/wp-content\/uploads\/2019\/10\/Touristic-information-768x768.jpg 768w, https:\/\/saldae-dz.com\/wp-content\/uploads\/2019\/10\/Touristic-information-600x600.jpg 600w, https:\/\/saldae-dz.com\/wp-content\/uploads\/2019\/10\/Touristic-information-100x100.jpg 100w\" sizes=\"auto, (max-width: 892px) 100vw, 892px\" \/><\/div><\/div><div class=\"wp-block-getwid-image-box__content\">\n<div class=\"wp-block-getwid-advanced-heading\" style=\"margin-bottom:15px\"><h4 class=\"wp-block-getwid-advanced-heading__content\">Salle de conf\u00e9rence<\/h4><\/div>\n\n\n\n<p style=\"font-size:14px\">La salle de r\u00e9union est enti\u00e8rement \u00e9quip\u00e9e pour rendre vos r\u00e9unions confortables et sans inconv\u00e9nients.<\/p>\n<\/div><\/div>\n<\/div><\/div><\/div><\/div><\/div>\n<\/div>\n\n\n\n<div class=\"wp-block-column is-layout-flow wp-block-column-is-layout-flow\">\n<div class=\"wp-block-getwid-section is-style-with-shadow\"><div class=\"wp-block-getwid-section__wrapper getwid-padding-top-medium getwid-padding-bottom-medium getwid-padding-left-medium getwid-padding-right-medium\"><div class=\"wp-block-getwid-section__inner-wrapper\"><div class=\"wp-block-getwid-section__background-holder\"><div class=\"wp-block-getwid-section__background has-background has-white-background-color\"><\/div><div class=\"wp-block-getwid-section__foreground\"><\/div><\/div><div class=\"wp-block-getwid-section__content\"><div class=\"wp-block-getwid-section__inner-content\">\n<div class=\"wp-block-getwid-image-box has-image-left has-text-left has-mobile-layout-column has-mobile-alignment-center\"><div class=\"wp-block-getwid-image-box__image-container is-position-middle\"><div class=\"wp-block-getwid-image-box__image-wrapper\"><img loading=\"lazy\" decoding=\"async\" width=\"892\" height=\"892\" src=\"https:\/\/saldae-dz.com\/wp-content\/uploads\/2019\/10\/Small-library.jpg\" alt=\"\" class=\"wp-block-getwid-image-box__image wp-image-1113\" srcset=\"https:\/\/saldae-dz.com\/wp-content\/uploads\/2019\/10\/Small-library.jpg 892w, https:\/\/saldae-dz.com\/wp-content\/uploads\/2019\/10\/Small-library-300x300.jpg 300w, https:\/\/saldae-dz.com\/wp-content\/uploads\/2019\/10\/Small-library-150x150.jpg 150w, https:\/\/saldae-dz.com\/wp-content\/uploads\/2019\/10\/Small-library-768x768.jpg 768w, https:\/\/saldae-dz.com\/wp-content\/uploads\/2019\/10\/Small-library-600x600.jpg 600w, https:\/\/saldae-dz.com\/wp-content\/uploads\/2019\/10\/Small-library-100x100.jpg 100w\" sizes=\"auto, (max-width: 892px) 100vw, 892px\" \/><\/div><\/div><div class=\"wp-block-getwid-image-box__content\">\n<div class=\"wp-block-getwid-advanced-heading\" style=\"margin-bottom:15px\"><h4 class=\"wp-block-getwid-advanced-heading__content\">Biblioth\u00e8que<\/h4><\/div>\n\n\n\n<p style=\"font-size:14px\">Nous servons des plats d\u00e9licieux issus de la cuisine locale et pr\u00e9par\u00e9s uniquement \u00e0 partir d&rsquo;ingr\u00e9dients frais et naturels.<\/p>\n<\/div><\/div>\n<\/div><\/div><\/div><\/div><\/div>\n\n\n\n<div class=\"wp-block-getwid-section is-style-with-shadow\"><div class=\"wp-block-getwid-section__wrapper getwid-padding-top-medium getwid-padding-bottom-medium getwid-padding-left-medium getwid-padding-right-medium\"><div class=\"wp-block-getwid-section__inner-wrapper\"><div class=\"wp-block-getwid-section__background-holder\"><div class=\"wp-block-getwid-section__background has-background has-white-background-color\"><\/div><div class=\"wp-block-getwid-section__foreground\"><\/div><\/div><div class=\"wp-block-getwid-section__content\"><div class=\"wp-block-getwid-section__inner-content\">\n<div class=\"wp-block-getwid-image-box has-image-left has-text-left has-mobile-layout-column has-mobile-alignment-center\"><div class=\"wp-block-getwid-image-box__image-container is-position-middle\"><div class=\"wp-block-getwid-image-box__image-wrapper\"><img loading=\"lazy\" decoding=\"async\" width=\"892\" height=\"892\" src=\"https:\/\/saldae-dz.com\/wp-content\/uploads\/2019\/10\/Great-atmosphere.jpg\" alt=\"\" class=\"wp-block-getwid-image-box__image wp-image-1112\" srcset=\"https:\/\/saldae-dz.com\/wp-content\/uploads\/2019\/10\/Great-atmosphere.jpg 892w, https:\/\/saldae-dz.com\/wp-content\/uploads\/2019\/10\/Great-atmosphere-300x300.jpg 300w, https:\/\/saldae-dz.com\/wp-content\/uploads\/2019\/10\/Great-atmosphere-150x150.jpg 150w, https:\/\/saldae-dz.com\/wp-content\/uploads\/2019\/10\/Great-atmosphere-768x768.jpg 768w, https:\/\/saldae-dz.com\/wp-content\/uploads\/2019\/10\/Great-atmosphere-600x600.jpg 600w, https:\/\/saldae-dz.com\/wp-content\/uploads\/2019\/10\/Great-atmosphere-100x100.jpg 100w\" sizes=\"auto, (max-width: 892px) 100vw, 892px\" \/><\/div><\/div><div class=\"wp-block-getwid-image-box__content\">\n<div class=\"wp-block-getwid-advanced-heading\" style=\"margin-bottom:15px\"><h4 class=\"wp-block-getwid-advanced-heading__content\">Excellente atmosph\u00e8re<\/h4><\/div>\n\n\n\n<p style=\"font-size:14px\">Vaste salle de sport avec divers simulateurs utiles pour garder votre corps en forme m\u00eame pendant les vacances. <\/p>\n<\/div><\/div>\n<\/div><\/div><\/div><\/div><\/div>\n<\/div>\n<\/div>\n\n\n\n<div style=\"height:52px\" aria-hidden=\"true\" class=\"wp-block-spacer\"><\/div>\n\n\n\n<hr class=\"wp-block-separator has-css-opacity is-style-wide\"\/>\n\n\n\n<div style=\"height:32px\" aria-hidden=\"true\" class=\"wp-block-spacer\"><\/div>\n\n\n\n<div class=\"wp-block-getwid-advanced-heading\" style=\"margin-bottom:5px\"><h2 class=\"wp-block-getwid-advanced-heading__content\" style=\"text-align:center\">Services et produits sp\u00e9ciaux<\/h2><\/div>\n\n\n\n<div class=\"wp-block-getwid-advanced-heading\" style=\"margin-bottom:50px\"><span class=\"wp-block-getwid-advanced-heading__content\" style=\"text-align:center\">Apr\u00e8s la r\u00e9servation d&rsquo;une villa, un organisateur de voyages prend contact avec vous et organise l&rsquo;un ou l&rsquo;autre des services \u00e9num\u00e9r\u00e9s.<\/span><\/div>\n\n\n\n<div class=\"wp-block-columns has-4-columns is-layout-flex wp-container-core-columns-is-layout-9d6595d7 wp-block-columns-is-layout-flex\">\n<div class=\"wp-block-column is-layout-flow wp-block-column-is-layout-flow\">\n<div class=\"wp-block-getwid-banner is-style-shadow-bottom has-foreground-undefined has-animation-style4 has-vertical-alignment-bottom\"><a href=\"#\" class=\"wp-block-getwid-banner__link\"><div class=\"wp-block-getwid-banner__wrapper\"><img loading=\"lazy\" decoding=\"async\" width=\"892\" height=\"1060\" src=\"https:\/\/saldae-dz.com\/wp-content\/uploads\/2019\/10\/banner-1.jpg\" alt=\"\" class=\"wp-block-getwid-banner__image wp-block-getwid-banner__source wp-image-1116\" srcset=\"https:\/\/saldae-dz.com\/wp-content\/uploads\/2019\/10\/banner-1.jpg 892w, https:\/\/saldae-dz.com\/wp-content\/uploads\/2019\/10\/banner-1-252x300.jpg 252w, https:\/\/saldae-dz.com\/wp-content\/uploads\/2019\/10\/banner-1-862x1024.jpg 862w, https:\/\/saldae-dz.com\/wp-content\/uploads\/2019\/10\/banner-1-768x913.jpg 768w, https:\/\/saldae-dz.com\/wp-content\/uploads\/2019\/10\/banner-1-600x713.jpg 600w\" sizes=\"auto, (max-width: 892px) 100vw, 892px\" \/><div class=\"wp-block-getwid-banner__caption\" style=\"min-height:315px\"><div class=\"wp-block-getwid-banner__caption-wrapper\"><span class=\"wp-block-getwid-banner__title\">Service de haut niveau<\/span><p class=\"wp-block-getwid-banner__text\">Confort et convivialit\u00e9<\/p><\/div><\/div><\/div><\/a><\/div>\n<\/div>\n\n\n\n<div class=\"wp-block-column is-layout-flow wp-block-column-is-layout-flow\">\n<div class=\"wp-block-getwid-banner is-style-shadow-bottom has-foreground-undefined has-animation-style4 has-vertical-alignment-bottom\"><a href=\"#\" class=\"wp-block-getwid-banner__link\"><div class=\"wp-block-getwid-banner__wrapper\"><img loading=\"lazy\" decoding=\"async\" width=\"892\" height=\"1060\" src=\"https:\/\/saldae-dz.com\/wp-content\/uploads\/2019\/10\/banner-2.jpg\" alt=\"\" class=\"wp-block-getwid-banner__image wp-block-getwid-banner__source wp-image-1119\" srcset=\"https:\/\/saldae-dz.com\/wp-content\/uploads\/2019\/10\/banner-2.jpg 892w, https:\/\/saldae-dz.com\/wp-content\/uploads\/2019\/10\/banner-2-252x300.jpg 252w, https:\/\/saldae-dz.com\/wp-content\/uploads\/2019\/10\/banner-2-862x1024.jpg 862w, https:\/\/saldae-dz.com\/wp-content\/uploads\/2019\/10\/banner-2-768x913.jpg 768w, https:\/\/saldae-dz.com\/wp-content\/uploads\/2019\/10\/banner-2-600x713.jpg 600w\" sizes=\"auto, (max-width: 892px) 100vw, 892px\" \/><div class=\"wp-block-getwid-banner__caption\" style=\"min-height:315px\"><div class=\"wp-block-getwid-banner__caption-wrapper\"><span class=\"wp-block-getwid-banner__title\">Marche en montagne<\/span><p class=\"wp-block-getwid-banner__text\">Marche en montagne<\/p><\/div><\/div><\/div><\/a><\/div>\n<\/div>\n\n\n\n<div class=\"wp-block-column is-layout-flow wp-block-column-is-layout-flow\">\n<div class=\"wp-block-getwid-banner is-style-shadow-bottom has-foreground-undefined has-animation-style4 has-vertical-alignment-bottom\"><a href=\"#\" class=\"wp-block-getwid-banner__link\"><div class=\"wp-block-getwid-banner__wrapper\"><img loading=\"lazy\" decoding=\"async\" width=\"892\" height=\"1060\" src=\"https:\/\/saldae-dz.com\/wp-content\/uploads\/2019\/10\/banner-3.jpg\" alt=\"\" class=\"wp-block-getwid-banner__image wp-block-getwid-banner__source wp-image-1117\" srcset=\"https:\/\/saldae-dz.com\/wp-content\/uploads\/2019\/10\/banner-3.jpg 892w, https:\/\/saldae-dz.com\/wp-content\/uploads\/2019\/10\/banner-3-252x300.jpg 252w, https:\/\/saldae-dz.com\/wp-content\/uploads\/2019\/10\/banner-3-862x1024.jpg 862w, https:\/\/saldae-dz.com\/wp-content\/uploads\/2019\/10\/banner-3-768x913.jpg 768w, https:\/\/saldae-dz.com\/wp-content\/uploads\/2019\/10\/banner-3-600x713.jpg 600w\" sizes=\"auto, (max-width: 892px) 100vw, 892px\" \/><div class=\"wp-block-getwid-banner__caption\" style=\"min-height:315px\"><div class=\"wp-block-getwid-banner__caption-wrapper\"><span class=\"wp-block-getwid-banner__title\">Chambres confortables<\/span><p class=\"wp-block-getwid-banner__text\">Laissez votre corps se d\u00e9tendre<\/p><\/div><\/div><\/div><\/a><\/div>\n<\/div>\n\n\n\n<div class=\"wp-block-column is-layout-flow wp-block-column-is-layout-flow\">\n<div class=\"wp-block-getwid-banner is-style-shadow-bottom has-foreground-undefined has-animation-style4 has-vertical-alignment-bottom\"><a href=\"#\" class=\"wp-block-getwid-banner__link\"><div class=\"wp-block-getwid-banner__wrapper\"><img loading=\"lazy\" decoding=\"async\" width=\"892\" height=\"1060\" src=\"https:\/\/saldae-dz.com\/wp-content\/uploads\/2019\/10\/banner-4.jpg\" alt=\"\" class=\"wp-block-getwid-banner__image wp-block-getwid-banner__source wp-image-1118\" srcset=\"https:\/\/saldae-dz.com\/wp-content\/uploads\/2019\/10\/banner-4.jpg 892w, https:\/\/saldae-dz.com\/wp-content\/uploads\/2019\/10\/banner-4-252x300.jpg 252w, https:\/\/saldae-dz.com\/wp-content\/uploads\/2019\/10\/banner-4-862x1024.jpg 862w, https:\/\/saldae-dz.com\/wp-content\/uploads\/2019\/10\/banner-4-768x913.jpg 768w, https:\/\/saldae-dz.com\/wp-content\/uploads\/2019\/10\/banner-4-600x713.jpg 600w\" sizes=\"auto, (max-width: 892px) 100vw, 892px\" \/><div class=\"wp-block-getwid-banner__caption\" style=\"min-height:315px\"><div class=\"wp-block-getwid-banner__caption-wrapper\"><span class=\"wp-block-getwid-banner__title\">Vue fantaisie<\/span><p class=\"wp-block-getwid-banner__text\">A partir de chaque fen\u00eatre<\/p><\/div><\/div><\/div><\/a><\/div>\n<\/div>\n<\/div>","protected":false},"excerpt":{"rendered":"<p>Each villa we propose has one-of-a-king design with exceptional and modern furniture, so that your rest stays full of relax and pleasant unforgettable emotions. <\/p>","protected":false},"author":1,"featured_media":1111,"parent":0,"menu_order":0,"comment_status":"closed","ping_status":"closed","template":"template-wide-page.php","meta":{"inline_featured_image":false,"footnotes":""},"class_list":["post-554","page","type-page","status-publish","has-post-thumbnail","hentry"],"_links":{"self":[{"href":"https:\/\/saldae-dz.com\/ar\/wp-json\/wp\/v2\/pages\/554","targetHints":{"allow":["GET"]}}],"collection":[{"href":"https:\/\/saldae-dz.com\/ar\/wp-json\/wp\/v2\/pages"}],"about":[{"href":"https:\/\/saldae-dz.com\/ar\/wp-json\/wp\/v2\/types\/page"}],"author":[{"embeddable":true,"href":"https:\/\/saldae-dz.com\/ar\/wp-json\/wp\/v2\/users\/1"}],"replies":[{"embeddable":true,"href":"https:\/\/saldae-dz.com\/ar\/wp-json\/wp\/v2\/comments?post=554"}],"version-history":[{"count":4,"href":"https:\/\/saldae-dz.com\/ar\/wp-json\/wp\/v2\/pages\/554\/revisions"}],"predecessor-version":[{"id":1487,"href":"https:\/\/saldae-dz.com\/ar\/wp-json\/wp\/v2\/pages\/554\/revisions\/1487"}],"wp:featuredmedia":[{"embeddable":true,"href":"https:\/\/saldae-dz.com\/ar\/wp-json\/wp\/v2\/media\/1111"}],"wp:attachment":[{"href":"https:\/\/saldae-dz.com\/ar\/wp-json\/wp\/v2\/media?parent=554"}],"curies":[{"name":"wp","href":"https:\/\/api.w.org\/{rel}","templated":true}]}}