{"id":269,"date":"2019-08-20T12:10:13","date_gmt":"2019-08-20T12:10:13","guid":{"rendered":"https:\/\/themes.getmotopress.com\/booklium-default\/?page_id=269"},"modified":"2023-12-19T12:13:07","modified_gmt":"2023-12-19T11:13:07","slug":"contacts","status":"publish","type":"page","link":"https:\/\/saldae-dz.com\/ar\/contacts\/","title":{"rendered":"Contactez nous"},"content":{"rendered":"<div class=\"wp-block-columns has-2-columns is-layout-flex wp-container-core-columns-is-layout-9d6595d7 wp-block-columns-is-layout-flex\">\n<div class=\"wp-block-column is-layout-flow wp-block-column-is-layout-flow\">\n<div class=\"wp-block-getwid-advanced-heading\" style=\"margin-bottom:30px\"><h2 class=\"wp-block-getwid-advanced-heading__content\">Comment pouvons-nous vous aider aujourd&rsquo;hui ?<\/h2><\/div>\n\n\n\n<p>N&rsquo;h\u00e9sitez pas \u00e0 nous contacter directement si vous avez des questions concernant l&rsquo;h\u00e9bergement, nous serions ravis que vous restiez avec nous.<\/p>\n\n\n\n<p>Il vous suffit de remplir vos donn\u00e9es personnelles et de nous laisser vous contacter. Normalement, l&rsquo;\u00e9quipe d&rsquo;assistance r\u00e9pond dans un d\u00e9lai d&rsquo;un jour ouvrable, afin que vous n&rsquo;ayez pas \u00e0 attendre. Vous pouvez aussi nous appeler directement par t\u00e9l\u00e9phone.<\/p>\n\n\n\n<div style=\"height:20px\" aria-hidden=\"true\" class=\"wp-block-spacer\"><\/div>\n\n\n\n<div class=\"wp-block-getwid-advanced-heading has-custom-font-size\" style=\"font-size:14px;margin-bottom:0px\"><span class=\"wp-block-getwid-advanced-heading__content\">Address<\/span><\/div>\n\n\n\n<div class=\"wp-block-getwid-advanced-heading has-custom-font-size\" style=\"font-size:normal\"><span class=\"wp-block-getwid-advanced-heading__content has-text-color has-arsenic-color\" style=\"font-weight:500\"><a href=\"https:\/\/goo.gl\/maps\/Txksfm2cMTyBNBzR6\">For\u00eat des oliviers, route menant vers le cap carbon. B\u00e9jaia,&nbsp;<strong>06000<\/strong>&nbsp;.<\/a><\/span><\/div>\n\n\n\n<div class=\"wp-block-getwid-advanced-heading has-custom-font-size\" style=\"font-size:14px;margin-bottom:0px\"><span class=\"wp-block-getwid-advanced-heading__content\">T\u00e9l\u00e9phones : <\/span><\/div>\n\n\n\n<div class=\"wp-block-getwid-advanced-heading has-custom-font-size\" style=\"font-size:normal\"><span class=\"wp-block-getwid-advanced-heading__content has-text-color has-arsenic-color\" style=\"font-weight:500\"><a href=\"tel:19544566789\"> +213 <\/a>34 10 98 58<\/span><\/div>\n\n\n\n<div class=\"wp-block-getwid-advanced-heading has-custom-font-size\" style=\"font-size:normal\"><span class=\"wp-block-getwid-advanced-heading__content has-text-color has-arsenic-color\" style=\"font-weight:500\"><a href=\"tel:19544566789\"> +213 34 10 98 68 <\/a><\/span><\/div>\n\n\n\n<div class=\"wp-block-getwid-advanced-heading has-custom-font-size\" style=\"font-size:normal\"><span class=\"wp-block-getwid-advanced-heading__content has-text-color has-arsenic-color\" style=\"font-weight:500\"><a href=\"tel:+213 770934180\">+213 770934180<\/a><\/span><\/div>\n\n\n\n<div class=\"wp-block-getwid-advanced-heading has-custom-font-size\" style=\"font-size:normal\"><span class=\"wp-block-getwid-advanced-heading__content has-text-color has-arsenic-color\" style=\"font-weight:500\"><a href=\"tel:+213 770934180\">+213 770934181<\/a><\/span><\/div>\n\n\n\n<div class=\"wp-block-getwid-advanced-heading has-custom-font-size\" style=\"font-size:14px;margin-bottom:0px\"><span class=\"wp-block-getwid-advanced-heading__content\">Email<\/span><\/div>\n\n\n\n<div class=\"wp-block-getwid-advanced-heading has-custom-font-size\" style=\"font-size:normal\"><span class=\"wp-block-getwid-advanced-heading__content has-text-color has-arsenic-color\" style=\"font-weight:500\">reservation@saldae-dz.com<\/span><\/div>\n<\/div>\n\n\n\n<div class=\"wp-block-column is-layout-flow wp-block-column-is-layout-flow\">\n<div class=\"wp-block-getwid-section is-style-with-shadow\"><div class=\"wp-block-getwid-section__wrapper getwid-padding-top-medium getwid-padding-bottom-medium getwid-padding-left-medium getwid-padding-right-medium\"><div class=\"wp-block-getwid-section__inner-wrapper\"><div class=\"wp-block-getwid-section__background-holder\"><div class=\"wp-block-getwid-section__background has-background has-white-background-color\"><\/div><div class=\"wp-block-getwid-section__foreground\"><\/div><\/div><div class=\"wp-block-getwid-section__content\"><div class=\"wp-block-getwid-section__inner-content\">        <div class=\"wp-block-getwid-contact-form\" >\n            <form class='wp-block-getwid-contact-form__form' action=\"\">\n    \n        <p class='wp-block-getwid-field-name'>\n\t    <label\n        for='name-69e3c02f9c81b'\n        class='wp-block-getwid-field-name__label'\n    >Votre Nom *<\/label>\n\t    <input id='name-69e3c02f9c81b' type='text' name='name'            placeholder='Enterez votre Nom'             required=''\n            \/>\n<\/p>\n\n\n        <p class='wp-block-getwid-field-email'>\n\t    <label\n\t\tfor='email-69e3c02f9c904'\n        class='wp-block-getwid-field-email__label'\n    >Votre Email *<\/label>\n\t    <input id='email-69e3c02f9c904' type='email' name='email'             placeholder='Enterez votre Email'             required=''    \/>\n<\/p>\n\n\n        <p class='wp-block-getwid-field-textarea'>\n\t    <label\n\t\tfor='message-69e3c02f9c9b5'\n        class='wp-block-getwid-field-textarea__label'\n    >Message<\/label>\n\t    <textarea\n\t\tid='message-69e3c02f9c9b5' rows='5' name='message'            placeholder='Commentaires ...'            required=''\n            ><\/textarea>\n<\/p>\n\n\n    <input name='subject' \t\ttype='hidden'\n\t\/>\n\n\t<p class='wp-block-getwid-contact-form__result'><\/p>\n\n\t<div class='wp-block-getwid-contact-form__submit'>\n\t\t<div class='wp-block-button'>\n\t\t\t<button\n\t\t\t\ttype='submit'\n\t\t\t\tclass='wp-block-button__link'\t\t\t\t\tstyle=''\t\t\t>Envoyer Message<\/button>\n\t\t<\/div>\n\n\t<\/div>\n<input type=\"hidden\" name=\"trp-form-language\" value=\"ar\"\/><\/form>\n        <\/div><\/div><\/div><\/div><\/div><\/div>\n<\/div>\n<\/div>\n\n\n\n<div style=\"height:20px\" aria-hidden=\"true\" class=\"wp-block-spacer\"><\/div>\n\n\n\n<div style=\"height:50px\" aria-hidden=\"true\" class=\"wp-block-spacer\"><\/div>\n\n\n\n<hr class=\"wp-block-separator has-css-opacity is-style-wide\"\/>\n\n\n\n<iframe src=\"https:\/\/www.google.com\/maps\/embed?pb=!1m18!1m12!1m3!1d3196.6435900978936!2d5.086119075677452!3d36.755125170239346!2m3!1f0!2f0!3f0!3m2!1i1024!2i768!4f13.1!3m3!1m2!1s0x12f2cd502ea56e59%3A0x83f0673a8e09f9b!2sH%C3%B4tel%20Saldae!5e0!3m2!1sfr!2sdz!4v1702974026319!5m2!1sfr!2sdz\" width=\"100%\" height=\"450\" style=\"border:0;\" allowfullscreen=\"\" loading=\"lazy\" referrerpolicy=\"no-referrer-when-downgrade\"><\/iframe>","protected":false},"excerpt":{"rendered":"<p>N&rsquo;h\u00e9sitez pas \u00e0 nous contacter directement si vous avez des questions concernant l&rsquo;h\u00e9bergement. Nous sommes tr\u00e8s heureux que vous nous choisissiez et r\u00e9pondrons \u00e0 toutes vos questions.<\/p>","protected":false},"author":1,"featured_media":0,"parent":0,"menu_order":0,"comment_status":"closed","ping_status":"closed","template":"template-wide-page.php","meta":{"inline_featured_image":false,"footnotes":""},"class_list":["post-269","page","type-page","status-publish","hentry"],"_links":{"self":[{"href":"https:\/\/saldae-dz.com\/ar\/wp-json\/wp\/v2\/pages\/269","targetHints":{"allow":["GET"]}}],"collection":[{"href":"https:\/\/saldae-dz.com\/ar\/wp-json\/wp\/v2\/pages"}],"about":[{"href":"https:\/\/saldae-dz.com\/ar\/wp-json\/wp\/v2\/types\/page"}],"author":[{"embeddable":true,"href":"https:\/\/saldae-dz.com\/ar\/wp-json\/wp\/v2\/users\/1"}],"replies":[{"embeddable":true,"href":"https:\/\/saldae-dz.com\/ar\/wp-json\/wp\/v2\/comments?post=269"}],"version-history":[{"count":6,"href":"https:\/\/saldae-dz.com\/ar\/wp-json\/wp\/v2\/pages\/269\/revisions"}],"predecessor-version":[{"id":2322,"href":"https:\/\/saldae-dz.com\/ar\/wp-json\/wp\/v2\/pages\/269\/revisions\/2322"}],"wp:attachment":[{"href":"https:\/\/saldae-dz.com\/ar\/wp-json\/wp\/v2\/media?parent=269"}],"curies":[{"name":"wp","href":"https:\/\/api.w.org\/{rel}","templated":true}]}}