{"id":238,"date":"2019-08-20T11:29:12","date_gmt":"2019-08-20T11:29:12","guid":{"rendered":"https:\/\/themes.getmotopress.com\/booklium-default\/?page_id=238"},"modified":"2026-04-05T14:32:50","modified_gmt":"2026-04-05T13:32:50","slug":"about-us","status":"publish","type":"page","link":"https:\/\/saldae-dz.com\/ar\/about-us\/","title":{"rendered":"\u00c0 propos de nous"},"content":{"rendered":"<div class=\"wp-block-columns has-3-columns is-layout-flex wp-container-core-columns-is-layout-9d6595d7 wp-block-columns-is-layout-flex\">\n<div class=\"wp-block-column is-layout-flow wp-block-column-is-layout-flow\">\n<div class=\"wp-block-getwid-advanced-heading\"><h2 class=\"wp-block-getwid-advanced-heading__content\">Des milliers de visiteurs nous ont choisis<\/h2><\/div>\n<\/div>\n\n\n\n<div class=\"wp-block-column is-layout-flow wp-block-column-is-layout-flow\">\n<p>Les services et \u00e9quipements de haute qualit\u00e9, une \u00e9quipe amicale et toujours souriante, la cuisine la plus d\u00e9licieuse et de nombreux services passionnants font de nous les meilleurs fournisseurs.<\/p>\n<\/div>\n\n\n\n<div class=\"wp-block-column is-layout-flow wp-block-column-is-layout-flow\">\n<p>\u00c0 l&rsquo;H\u00f4tel SALDAE, nous vous offrons une exp\u00e9rience unique avec nos chambres luxueuses et nos suites juniors et seniors, toutes con\u00e7ues pour vous offrir le summum du confort. <\/p>\n<\/div>\n<\/div>\n\n\n\n<div style=\"height:40px\" aria-hidden=\"true\" class=\"wp-block-spacer\"><\/div>\n\n\n\n<div class=\"wp-block-columns has-2-columns is-layout-flex wp-container-core-columns-is-layout-9d6595d7 wp-block-columns-is-layout-flex\">\n<div class=\"wp-block-column is-layout-flow wp-block-column-is-layout-flow\">\n<figure class=\"wp-block-image size-full\"><a href=\"https:\/\/saldae-dz.com\/wp-content\/uploads\/2023\/12\/1.jpg\"><img loading=\"lazy\" decoding=\"async\" width=\"512\" height=\"512\" src=\"https:\/\/saldae-dz.com\/wp-content\/uploads\/2023\/12\/1.jpg\" alt=\"\" class=\"wp-image-2236\" srcset=\"https:\/\/saldae-dz.com\/wp-content\/uploads\/2023\/12\/1.jpg 512w, https:\/\/saldae-dz.com\/wp-content\/uploads\/2023\/12\/1-300x300.jpg 300w, https:\/\/saldae-dz.com\/wp-content\/uploads\/2023\/12\/1-150x150.jpg 150w, https:\/\/saldae-dz.com\/wp-content\/uploads\/2023\/12\/1-12x12.jpg 12w, https:\/\/saldae-dz.com\/wp-content\/uploads\/2023\/12\/1-100x100.jpg 100w\" sizes=\"auto, (max-width: 512px) 100vw, 512px\" \/><\/a><\/figure>\n<\/div>\n\n\n\n<div class=\"wp-block-column is-layout-flow wp-block-column-is-layout-flow\">\n<figure class=\"wp-block-gallery has-nested-images columns-2 is-cropped wp-block-gallery-1 is-layout-flex wp-block-gallery-is-layout-flex\">\n<figure class=\"wp-block-image size-full\"><img loading=\"lazy\" decoding=\"async\" width=\"512\" height=\"512\" data-id=\"2235\" src=\"https:\/\/saldae-dz.com\/wp-content\/uploads\/2023\/12\/5.jpg\" alt=\"\" class=\"wp-image-2235\" srcset=\"https:\/\/saldae-dz.com\/wp-content\/uploads\/2023\/12\/5.jpg 512w, https:\/\/saldae-dz.com\/wp-content\/uploads\/2023\/12\/5-300x300.jpg 300w, https:\/\/saldae-dz.com\/wp-content\/uploads\/2023\/12\/5-150x150.jpg 150w, https:\/\/saldae-dz.com\/wp-content\/uploads\/2023\/12\/5-12x12.jpg 12w, https:\/\/saldae-dz.com\/wp-content\/uploads\/2023\/12\/5-100x100.jpg 100w\" sizes=\"auto, (max-width: 512px) 100vw, 512px\" \/><\/figure>\n\n\n\n<figure class=\"wp-block-image size-full\"><img loading=\"lazy\" decoding=\"async\" width=\"670\" height=\"670\" data-id=\"2232\" src=\"https:\/\/saldae-dz.com\/wp-content\/uploads\/2023\/12\/2.jpg\" alt=\"\" class=\"wp-image-2232\" srcset=\"https:\/\/saldae-dz.com\/wp-content\/uploads\/2023\/12\/2.jpg 670w, https:\/\/saldae-dz.com\/wp-content\/uploads\/2023\/12\/2-300x300.jpg 300w, https:\/\/saldae-dz.com\/wp-content\/uploads\/2023\/12\/2-150x150.jpg 150w, https:\/\/saldae-dz.com\/wp-content\/uploads\/2023\/12\/2-12x12.jpg 12w, https:\/\/saldae-dz.com\/wp-content\/uploads\/2023\/12\/2-600x600.jpg 600w, https:\/\/saldae-dz.com\/wp-content\/uploads\/2023\/12\/2-100x100.jpg 100w\" sizes=\"auto, (max-width: 670px) 100vw, 670px\" \/><\/figure>\n\n\n\n<figure class=\"wp-block-image size-full\"><img loading=\"lazy\" decoding=\"async\" width=\"512\" height=\"512\" data-id=\"2233\" src=\"https:\/\/saldae-dz.com\/wp-content\/uploads\/2023\/12\/3.jpg\" alt=\"\" class=\"wp-image-2233\" srcset=\"https:\/\/saldae-dz.com\/wp-content\/uploads\/2023\/12\/3.jpg 512w, https:\/\/saldae-dz.com\/wp-content\/uploads\/2023\/12\/3-300x300.jpg 300w, https:\/\/saldae-dz.com\/wp-content\/uploads\/2023\/12\/3-150x150.jpg 150w, https:\/\/saldae-dz.com\/wp-content\/uploads\/2023\/12\/3-12x12.jpg 12w, https:\/\/saldae-dz.com\/wp-content\/uploads\/2023\/12\/3-100x100.jpg 100w\" sizes=\"auto, (max-width: 512px) 100vw, 512px\" \/><\/figure>\n\n\n\n<figure class=\"wp-block-image size-full\"><img loading=\"lazy\" decoding=\"async\" width=\"512\" height=\"512\" data-id=\"2234\" src=\"https:\/\/saldae-dz.com\/wp-content\/uploads\/2023\/12\/4.jpg\" alt=\"\" class=\"wp-image-2234\" srcset=\"https:\/\/saldae-dz.com\/wp-content\/uploads\/2023\/12\/4.jpg 512w, https:\/\/saldae-dz.com\/wp-content\/uploads\/2023\/12\/4-300x300.jpg 300w, https:\/\/saldae-dz.com\/wp-content\/uploads\/2023\/12\/4-150x150.jpg 150w, https:\/\/saldae-dz.com\/wp-content\/uploads\/2023\/12\/4-12x12.jpg 12w, https:\/\/saldae-dz.com\/wp-content\/uploads\/2023\/12\/4-100x100.jpg 100w\" sizes=\"auto, (max-width: 512px) 100vw, 512px\" \/><\/figure>\n<\/figure>\n<\/div>\n<\/div>\n\n\n\n<div class=\"wp-block-getwid-advanced-heading\" style=\"margin-bottom:5px;margin-top:46px\"><h2 class=\"wp-block-getwid-advanced-heading__content\" style=\"text-align:center\">Valeurs de l&rsquo;entreprise<\/h2><\/div>\n\n\n\n<div class=\"wp-block-getwid-advanced-heading\" style=\"margin-bottom:45px\"><span class=\"wp-block-getwid-advanced-heading__content\" style=\"text-align:center\">Nous respectons ces grands principes et les maintenons au sein de notre \u00e9quipe conviviale.<\/span><\/div>","protected":false},"excerpt":{"rendered":"<p>Bienvenue \u00e0 l\u2019H\u00f4tel SALDAE, votre havre de luxe 4 \u00e9toiles loin de chez vous. Nich\u00e9 \u00e0 seulement 10 minutes des sites touristiques pris\u00e9s tels que le Cap Carbon, \u00e0 5 minutes du c\u0153ur du centre-ville de B\u00e9ja\u00efa et \u00e0 une courte distance de 5 minutes de la plage, notre \u00e9tablissement se pr\u00e9sente comme le point de d\u00e9part parfait pour explorer les merveilles de B\u00e9ja\u00efa et de ses environs.<\/p>","protected":false},"author":1,"featured_media":0,"parent":0,"menu_order":0,"comment_status":"closed","ping_status":"closed","template":"template-wide-page.php","meta":{"inline_featured_image":false,"footnotes":""},"class_list":["post-238","page","type-page","status-publish","hentry"],"_links":{"self":[{"href":"https:\/\/saldae-dz.com\/ar\/wp-json\/wp\/v2\/pages\/238","targetHints":{"allow":["GET"]}}],"collection":[{"href":"https:\/\/saldae-dz.com\/ar\/wp-json\/wp\/v2\/pages"}],"about":[{"href":"https:\/\/saldae-dz.com\/ar\/wp-json\/wp\/v2\/types\/page"}],"author":[{"embeddable":true,"href":"https:\/\/saldae-dz.com\/ar\/wp-json\/wp\/v2\/users\/1"}],"replies":[{"embeddable":true,"href":"https:\/\/saldae-dz.com\/ar\/wp-json\/wp\/v2\/comments?post=238"}],"version-history":[{"count":10,"href":"https:\/\/saldae-dz.com\/ar\/wp-json\/wp\/v2\/pages\/238\/revisions"}],"predecessor-version":[{"id":3856,"href":"https:\/\/saldae-dz.com\/ar\/wp-json\/wp\/v2\/pages\/238\/revisions\/3856"}],"wp:attachment":[{"href":"https:\/\/saldae-dz.com\/ar\/wp-json\/wp\/v2\/media?parent=238"}],"curies":[{"name":"wp","href":"https:\/\/api.w.org\/{rel}","templated":true}]}}