{"id":20,"date":"2023-09-17T09:02:34","date_gmt":"2023-09-17T09:02:34","guid":{"rendered":"https:\/\/saldae-dz.com\/confirmation-de-reservation\/reservation-annulee\/"},"modified":"2023-09-17T09:02:34","modified_gmt":"2023-09-17T09:02:34","slug":"reservation-annulee","status":"publish","type":"page","link":"https:\/\/saldae-dz.com\/ar\/confirmation-de-reservation\/reservation-annulee\/","title":{"rendered":"R\u00e9servation annul\u00e9e"},"content":{"rendered":"<p>Votre r\u00e9servation est annul\u00e9e.<\/p>","protected":false},"excerpt":{"rendered":"<p>Votre r\u00e9servation est annul\u00e9e.<\/p>","protected":false},"author":1,"featured_media":0,"parent":18,"menu_order":0,"comment_status":"closed","ping_status":"closed","template":"","meta":{"inline_featured_image":false,"footnotes":""},"class_list":["post-20","page","type-page","status-publish","hentry"],"_links":{"self":[{"href":"https:\/\/saldae-dz.com\/ar\/wp-json\/wp\/v2\/pages\/20","targetHints":{"allow":["GET"]}}],"collection":[{"href":"https:\/\/saldae-dz.com\/ar\/wp-json\/wp\/v2\/pages"}],"about":[{"href":"https:\/\/saldae-dz.com\/ar\/wp-json\/wp\/v2\/types\/page"}],"author":[{"embeddable":true,"href":"https:\/\/saldae-dz.com\/ar\/wp-json\/wp\/v2\/users\/1"}],"replies":[{"embeddable":true,"href":"https:\/\/saldae-dz.com\/ar\/wp-json\/wp\/v2\/comments?post=20"}],"version-history":[{"count":0,"href":"https:\/\/saldae-dz.com\/ar\/wp-json\/wp\/v2\/pages\/20\/revisions"}],"up":[{"embeddable":true,"href":"https:\/\/saldae-dz.com\/ar\/wp-json\/wp\/v2\/pages\/18"}],"wp:attachment":[{"href":"https:\/\/saldae-dz.com\/ar\/wp-json\/wp\/v2\/media?parent=20"}],"curies":[{"name":"wp","href":"https:\/\/api.w.org\/{rel}","templated":true}]}}