{"id":1552,"date":"2023-09-20T15:34:27","date_gmt":"2023-09-20T14:34:27","guid":{"rendered":"https:\/\/saldae-dz.com\/?page_id=1552"},"modified":"2023-12-19T12:21:24","modified_gmt":"2023-12-19T11:21:24","slug":"salle-de-reunion-fibonnaci","status":"publish","type":"page","link":"https:\/\/saldae-dz.com\/ar\/salle-de-reunion-fibonnaci\/","title":{"rendered":"Salle de r\u00e9union Fibonnaci"},"content":{"rendered":"<div class=\"wp-block-getwid-images-stack\"><div class=\"wp-block-getwid-images-stack__wrapper\"><div class=\"wp-block-getwid-images-stack__chunk\"><div class=\"wp-block-getwid-images-stack__media-wrapper\"><div class=\"wp-block-getwid-images-stack__media-inner-wrapper\"><img loading=\"lazy\" decoding=\"async\" width=\"2560\" height=\"1707\" class=\"wp-block-getwid-images-stack__media wp-image-2306\" src=\"https:\/\/saldae-dz.com\/wp-content\/uploads\/2023\/12\/IMG_1715-scaled.jpg\" data-id=\"2306\" data-link=\"https:\/\/saldae-dz.com\/salle-de-reunion-fibonnaci\/img_1715\/\" srcset=\"https:\/\/saldae-dz.com\/wp-content\/uploads\/2023\/12\/IMG_1715-scaled.jpg 2560w, https:\/\/saldae-dz.com\/wp-content\/uploads\/2023\/12\/IMG_1715-300x200.jpg 300w, https:\/\/saldae-dz.com\/wp-content\/uploads\/2023\/12\/IMG_1715-1024x683.jpg 1024w, https:\/\/saldae-dz.com\/wp-content\/uploads\/2023\/12\/IMG_1715-768x512.jpg 768w, https:\/\/saldae-dz.com\/wp-content\/uploads\/2023\/12\/IMG_1715-1536x1024.jpg 1536w, https:\/\/saldae-dz.com\/wp-content\/uploads\/2023\/12\/IMG_1715-2048x1365.jpg 2048w, https:\/\/saldae-dz.com\/wp-content\/uploads\/2023\/12\/IMG_1715-18x12.jpg 18w, https:\/\/saldae-dz.com\/wp-content\/uploads\/2023\/12\/IMG_1715-892x595.jpg 892w, https:\/\/saldae-dz.com\/wp-content\/uploads\/2023\/12\/IMG_1715-1350x900.jpg 1350w, https:\/\/saldae-dz.com\/wp-content\/uploads\/2023\/12\/IMG_1715-600x400.jpg 600w\" sizes=\"auto, (max-width: 2560px) 100vw, 2560px\" \/><\/div><\/div><div class=\"wp-block-getwid-images-stack__media-wrapper\"><div class=\"wp-block-getwid-images-stack__media-inner-wrapper\"><img loading=\"lazy\" decoding=\"async\" width=\"2560\" height=\"1707\" class=\"wp-block-getwid-images-stack__media wp-image-2311\" src=\"https:\/\/saldae-dz.com\/wp-content\/uploads\/2023\/12\/IMG_1712-scaled.jpg\" data-id=\"2311\" data-link=\"https:\/\/saldae-dz.com\/salle-de-reunion-fibonnaci\/img_1712\/\" srcset=\"https:\/\/saldae-dz.com\/wp-content\/uploads\/2023\/12\/IMG_1712-scaled.jpg 2560w, https:\/\/saldae-dz.com\/wp-content\/uploads\/2023\/12\/IMG_1712-300x200.jpg 300w, https:\/\/saldae-dz.com\/wp-content\/uploads\/2023\/12\/IMG_1712-1024x683.jpg 1024w, https:\/\/saldae-dz.com\/wp-content\/uploads\/2023\/12\/IMG_1712-768x512.jpg 768w, https:\/\/saldae-dz.com\/wp-content\/uploads\/2023\/12\/IMG_1712-1536x1024.jpg 1536w, https:\/\/saldae-dz.com\/wp-content\/uploads\/2023\/12\/IMG_1712-2048x1365.jpg 2048w, https:\/\/saldae-dz.com\/wp-content\/uploads\/2023\/12\/IMG_1712-18x12.jpg 18w, https:\/\/saldae-dz.com\/wp-content\/uploads\/2023\/12\/IMG_1712-892x595.jpg 892w, https:\/\/saldae-dz.com\/wp-content\/uploads\/2023\/12\/IMG_1712-1350x900.jpg 1350w, https:\/\/saldae-dz.com\/wp-content\/uploads\/2023\/12\/IMG_1712-600x400.jpg 600w\" sizes=\"auto, (max-width: 2560px) 100vw, 2560px\" \/><\/div><\/div><div class=\"wp-block-getwid-images-stack__media-wrapper\"><div class=\"wp-block-getwid-images-stack__media-inner-wrapper\"><img loading=\"lazy\" decoding=\"async\" width=\"2560\" height=\"1707\" class=\"wp-block-getwid-images-stack__media wp-image-2309\" src=\"https:\/\/saldae-dz.com\/wp-content\/uploads\/2023\/12\/IMG_1711-scaled.jpg\" data-id=\"2309\" data-link=\"https:\/\/saldae-dz.com\/salle-de-reunion-fibonnaci\/img_1711\/\" srcset=\"https:\/\/saldae-dz.com\/wp-content\/uploads\/2023\/12\/IMG_1711-scaled.jpg 2560w, https:\/\/saldae-dz.com\/wp-content\/uploads\/2023\/12\/IMG_1711-300x200.jpg 300w, https:\/\/saldae-dz.com\/wp-content\/uploads\/2023\/12\/IMG_1711-1024x683.jpg 1024w, https:\/\/saldae-dz.com\/wp-content\/uploads\/2023\/12\/IMG_1711-768x512.jpg 768w, https:\/\/saldae-dz.com\/wp-content\/uploads\/2023\/12\/IMG_1711-1536x1024.jpg 1536w, https:\/\/saldae-dz.com\/wp-content\/uploads\/2023\/12\/IMG_1711-2048x1365.jpg 2048w, https:\/\/saldae-dz.com\/wp-content\/uploads\/2023\/12\/IMG_1711-18x12.jpg 18w, https:\/\/saldae-dz.com\/wp-content\/uploads\/2023\/12\/IMG_1711-892x595.jpg 892w, https:\/\/saldae-dz.com\/wp-content\/uploads\/2023\/12\/IMG_1711-1350x900.jpg 1350w, https:\/\/saldae-dz.com\/wp-content\/uploads\/2023\/12\/IMG_1711-600x400.jpg 600w\" sizes=\"auto, (max-width: 2560px) 100vw, 2560px\" \/><\/div><\/div><\/div><\/div><\/div>","protected":false},"excerpt":{"rendered":"<p>En pleine pr\u00e9paration pour une r\u00e9union professionnelle importante ? Prenez les choses en main gr\u00e2ce \u00e0 notre salle de r\u00e9union de 30 PLACES.<\/p>","protected":false},"author":1,"featured_media":2309,"parent":0,"menu_order":0,"comment_status":"closed","ping_status":"closed","template":"","meta":{"inline_featured_image":false,"footnotes":""},"class_list":["post-1552","page","type-page","status-publish","has-post-thumbnail","hentry"],"_links":{"self":[{"href":"https:\/\/saldae-dz.com\/ar\/wp-json\/wp\/v2\/pages\/1552","targetHints":{"allow":["GET"]}}],"collection":[{"href":"https:\/\/saldae-dz.com\/ar\/wp-json\/wp\/v2\/pages"}],"about":[{"href":"https:\/\/saldae-dz.com\/ar\/wp-json\/wp\/v2\/types\/page"}],"author":[{"embeddable":true,"href":"https:\/\/saldae-dz.com\/ar\/wp-json\/wp\/v2\/users\/1"}],"replies":[{"embeddable":true,"href":"https:\/\/saldae-dz.com\/ar\/wp-json\/wp\/v2\/comments?post=1552"}],"version-history":[{"count":4,"href":"https:\/\/saldae-dz.com\/ar\/wp-json\/wp\/v2\/pages\/1552\/revisions"}],"predecessor-version":[{"id":2324,"href":"https:\/\/saldae-dz.com\/ar\/wp-json\/wp\/v2\/pages\/1552\/revisions\/2324"}],"wp:featuredmedia":[{"embeddable":true,"href":"https:\/\/saldae-dz.com\/ar\/wp-json\/wp\/v2\/media\/2309"}],"wp:attachment":[{"href":"https:\/\/saldae-dz.com\/ar\/wp-json\/wp\/v2\/media?parent=1552"}],"curies":[{"name":"wp","href":"https:\/\/api.w.org\/{rel}","templated":true}]}}