{"id":1550,"date":"2023-09-20T15:34:07","date_gmt":"2023-09-20T14:34:07","guid":{"rendered":"https:\/\/saldae-dz.com\/?page_id=1550"},"modified":"2023-12-19T09:31:23","modified_gmt":"2023-12-19T08:31:23","slug":"salle-polyvalente","status":"publish","type":"page","link":"https:\/\/saldae-dz.com\/ar\/salle-polyvalente\/","title":{"rendered":"Salle polyvalente"},"content":{"rendered":"<div class=\"wp-block-getwid-images-stack\"><div class=\"wp-block-getwid-images-stack__wrapper\"><div class=\"wp-block-getwid-images-stack__chunk\"><div class=\"wp-block-getwid-images-stack__media-wrapper\"><div class=\"wp-block-getwid-images-stack__media-inner-wrapper\"><img loading=\"lazy\" decoding=\"async\" width=\"2560\" height=\"1707\" class=\"wp-block-getwid-images-stack__media wp-image-2311\" src=\"https:\/\/saldae-dz.com\/wp-content\/uploads\/2023\/12\/IMG_1712-scaled.jpg\" data-id=\"2311\" data-link=\"https:\/\/saldae-dz.com\/salle-de-reunion-fibonnaci\/img_1712\/\" srcset=\"https:\/\/saldae-dz.com\/wp-content\/uploads\/2023\/12\/IMG_1712-scaled.jpg 2560w, https:\/\/saldae-dz.com\/wp-content\/uploads\/2023\/12\/IMG_1712-300x200.jpg 300w, https:\/\/saldae-dz.com\/wp-content\/uploads\/2023\/12\/IMG_1712-1024x683.jpg 1024w, https:\/\/saldae-dz.com\/wp-content\/uploads\/2023\/12\/IMG_1712-768x512.jpg 768w, https:\/\/saldae-dz.com\/wp-content\/uploads\/2023\/12\/IMG_1712-1536x1024.jpg 1536w, https:\/\/saldae-dz.com\/wp-content\/uploads\/2023\/12\/IMG_1712-2048x1365.jpg 2048w, https:\/\/saldae-dz.com\/wp-content\/uploads\/2023\/12\/IMG_1712-18x12.jpg 18w, https:\/\/saldae-dz.com\/wp-content\/uploads\/2023\/12\/IMG_1712-892x595.jpg 892w, https:\/\/saldae-dz.com\/wp-content\/uploads\/2023\/12\/IMG_1712-1350x900.jpg 1350w, https:\/\/saldae-dz.com\/wp-content\/uploads\/2023\/12\/IMG_1712-600x400.jpg 600w\" sizes=\"auto, (max-width: 2560px) 100vw, 2560px\" \/><\/div><\/div><div class=\"wp-block-getwid-images-stack__media-wrapper\"><div class=\"wp-block-getwid-images-stack__media-inner-wrapper\"><img loading=\"lazy\" decoding=\"async\" width=\"2560\" height=\"1707\" class=\"wp-block-getwid-images-stack__media wp-image-2309\" src=\"https:\/\/saldae-dz.com\/wp-content\/uploads\/2023\/12\/IMG_1711-scaled.jpg\" data-id=\"2309\" data-link=\"https:\/\/saldae-dz.com\/salle-de-reunion-fibonnaci\/img_1711\/\" srcset=\"https:\/\/saldae-dz.com\/wp-content\/uploads\/2023\/12\/IMG_1711-scaled.jpg 2560w, https:\/\/saldae-dz.com\/wp-content\/uploads\/2023\/12\/IMG_1711-300x200.jpg 300w, https:\/\/saldae-dz.com\/wp-content\/uploads\/2023\/12\/IMG_1711-1024x683.jpg 1024w, https:\/\/saldae-dz.com\/wp-content\/uploads\/2023\/12\/IMG_1711-768x512.jpg 768w, https:\/\/saldae-dz.com\/wp-content\/uploads\/2023\/12\/IMG_1711-1536x1024.jpg 1536w, https:\/\/saldae-dz.com\/wp-content\/uploads\/2023\/12\/IMG_1711-2048x1365.jpg 2048w, https:\/\/saldae-dz.com\/wp-content\/uploads\/2023\/12\/IMG_1711-18x12.jpg 18w, https:\/\/saldae-dz.com\/wp-content\/uploads\/2023\/12\/IMG_1711-892x595.jpg 892w, https:\/\/saldae-dz.com\/wp-content\/uploads\/2023\/12\/IMG_1711-1350x900.jpg 1350w, https:\/\/saldae-dz.com\/wp-content\/uploads\/2023\/12\/IMG_1711-600x400.jpg 600w\" sizes=\"auto, (max-width: 2560px) 100vw, 2560px\" \/><\/div><\/div><div class=\"wp-block-getwid-images-stack__media-wrapper\"><div class=\"wp-block-getwid-images-stack__media-inner-wrapper\"><img loading=\"lazy\" decoding=\"async\" width=\"2560\" height=\"1707\" class=\"wp-block-getwid-images-stack__media wp-image-2306\" src=\"https:\/\/saldae-dz.com\/wp-content\/uploads\/2023\/12\/IMG_1715-scaled.jpg\" data-id=\"2306\" data-link=\"https:\/\/saldae-dz.com\/salle-de-reunion-fibonnaci\/img_1715\/\" srcset=\"https:\/\/saldae-dz.com\/wp-content\/uploads\/2023\/12\/IMG_1715-scaled.jpg 2560w, https:\/\/saldae-dz.com\/wp-content\/uploads\/2023\/12\/IMG_1715-300x200.jpg 300w, https:\/\/saldae-dz.com\/wp-content\/uploads\/2023\/12\/IMG_1715-1024x683.jpg 1024w, https:\/\/saldae-dz.com\/wp-content\/uploads\/2023\/12\/IMG_1715-768x512.jpg 768w, https:\/\/saldae-dz.com\/wp-content\/uploads\/2023\/12\/IMG_1715-1536x1024.jpg 1536w, https:\/\/saldae-dz.com\/wp-content\/uploads\/2023\/12\/IMG_1715-2048x1365.jpg 2048w, https:\/\/saldae-dz.com\/wp-content\/uploads\/2023\/12\/IMG_1715-18x12.jpg 18w, https:\/\/saldae-dz.com\/wp-content\/uploads\/2023\/12\/IMG_1715-892x595.jpg 892w, https:\/\/saldae-dz.com\/wp-content\/uploads\/2023\/12\/IMG_1715-1350x900.jpg 1350w, https:\/\/saldae-dz.com\/wp-content\/uploads\/2023\/12\/IMG_1715-600x400.jpg 600w\" sizes=\"auto, (max-width: 2560px) 100vw, 2560px\" \/><\/div><\/div><\/div><\/div><\/div>","protected":false},"excerpt":{"rendered":"<p>Vous cherchez l\u2019endroit parfait pour c\u00e9l\u00e9brer un mariage, congr\u00e8s, s\u00e9minaires ou tout autre \u00e9v\u00e9nement digne d\u2019\u00eatre c\u00e9l\u00e9br\u00e9, notre h\u00f4tel met \u00e0 votre disposition une salle polyvalente de 500 places richement \u00e9quip\u00e9e L\u2019exp\u00e9rience et le savoir-faire de notre staff garantissent la r\u00e9ussite de votre \u00e9v\u00e9nement.<\/p>","protected":false},"author":1,"featured_media":0,"parent":0,"menu_order":0,"comment_status":"closed","ping_status":"closed","template":"","meta":{"inline_featured_image":false,"footnotes":""},"class_list":["post-1550","page","type-page","status-publish","hentry"],"_links":{"self":[{"href":"https:\/\/saldae-dz.com\/ar\/wp-json\/wp\/v2\/pages\/1550","targetHints":{"allow":["GET"]}}],"collection":[{"href":"https:\/\/saldae-dz.com\/ar\/wp-json\/wp\/v2\/pages"}],"about":[{"href":"https:\/\/saldae-dz.com\/ar\/wp-json\/wp\/v2\/types\/page"}],"author":[{"embeddable":true,"href":"https:\/\/saldae-dz.com\/ar\/wp-json\/wp\/v2\/users\/1"}],"replies":[{"embeddable":true,"href":"https:\/\/saldae-dz.com\/ar\/wp-json\/wp\/v2\/comments?post=1550"}],"version-history":[{"count":3,"href":"https:\/\/saldae-dz.com\/ar\/wp-json\/wp\/v2\/pages\/1550\/revisions"}],"predecessor-version":[{"id":2313,"href":"https:\/\/saldae-dz.com\/ar\/wp-json\/wp\/v2\/pages\/1550\/revisions\/2313"}],"wp:attachment":[{"href":"https:\/\/saldae-dz.com\/ar\/wp-json\/wp\/v2\/media?parent=1550"}],"curies":[{"name":"wp","href":"https:\/\/api.w.org\/{rel}","templated":true}]}}