{"id":1540,"date":"2023-09-20T15:05:27","date_gmt":"2023-09-20T14:05:27","guid":{"rendered":"https:\/\/saldae-dz.com\/?page_id=1540"},"modified":"2023-12-18T16:44:38","modified_gmt":"2023-12-18T15:44:38","slug":"spa-et-salle-de-fitness","status":"publish","type":"page","link":"https:\/\/saldae-dz.com\/ar\/spa-et-salle-de-fitness\/","title":{"rendered":"SPA et Salle De Fitness"},"content":{"rendered":"<div class=\"wp-block-getwid-images-stack\"><div class=\"wp-block-getwid-images-stack__wrapper\"><div class=\"wp-block-getwid-images-stack__chunk\"><div class=\"wp-block-getwid-images-stack__media-wrapper\"><div class=\"wp-block-getwid-images-stack__media-inner-wrapper\"><img loading=\"lazy\" decoding=\"async\" width=\"2048\" height=\"1365\" class=\"wp-block-getwid-images-stack__media wp-image-1734\" src=\"https:\/\/saldae-dz.com\/wp-content\/uploads\/2023\/11\/357422372_155691904189944_5715097400055565166_n.jpg\" data-id=\"1734\" data-link=\"https:\/\/saldae-dz.com\/images-stack-gallery-block\/357422372_155691904189944_5715097400055565166_n\/\" srcset=\"https:\/\/saldae-dz.com\/wp-content\/uploads\/2023\/11\/357422372_155691904189944_5715097400055565166_n.jpg 2048w, https:\/\/saldae-dz.com\/wp-content\/uploads\/2023\/11\/357422372_155691904189944_5715097400055565166_n-300x200.jpg 300w, https:\/\/saldae-dz.com\/wp-content\/uploads\/2023\/11\/357422372_155691904189944_5715097400055565166_n-1024x683.jpg 1024w, https:\/\/saldae-dz.com\/wp-content\/uploads\/2023\/11\/357422372_155691904189944_5715097400055565166_n-768x512.jpg 768w, https:\/\/saldae-dz.com\/wp-content\/uploads\/2023\/11\/357422372_155691904189944_5715097400055565166_n-1536x1024.jpg 1536w, https:\/\/saldae-dz.com\/wp-content\/uploads\/2023\/11\/357422372_155691904189944_5715097400055565166_n-892x595.jpg 892w, https:\/\/saldae-dz.com\/wp-content\/uploads\/2023\/11\/357422372_155691904189944_5715097400055565166_n-1350x900.jpg 1350w, https:\/\/saldae-dz.com\/wp-content\/uploads\/2023\/11\/357422372_155691904189944_5715097400055565166_n-600x400.jpg 600w\" sizes=\"auto, (max-width: 2048px) 100vw, 2048px\" \/><\/div><\/div><div class=\"wp-block-getwid-images-stack__media-wrapper\"><div class=\"wp-block-getwid-images-stack__media-inner-wrapper\"><img loading=\"lazy\" decoding=\"async\" width=\"2560\" height=\"1706\" class=\"wp-block-getwid-images-stack__media wp-image-1542\" src=\"https:\/\/saldae-dz.com\/wp-content\/uploads\/2023\/09\/SPA-ET-REMISE-EN-FORME-scaled-1.jpeg\" data-id=\"1542\" data-link=\"https:\/\/saldae-dz.com\/divertissement\/spa-et-remise-en-forme-scaled\/\" srcset=\"https:\/\/saldae-dz.com\/wp-content\/uploads\/2023\/09\/SPA-ET-REMISE-EN-FORME-scaled-1.jpeg 2560w, https:\/\/saldae-dz.com\/wp-content\/uploads\/2023\/09\/SPA-ET-REMISE-EN-FORME-scaled-1-300x200.jpeg 300w, https:\/\/saldae-dz.com\/wp-content\/uploads\/2023\/09\/SPA-ET-REMISE-EN-FORME-scaled-1-1024x682.jpeg 1024w, https:\/\/saldae-dz.com\/wp-content\/uploads\/2023\/09\/SPA-ET-REMISE-EN-FORME-scaled-1-768x512.jpeg 768w, https:\/\/saldae-dz.com\/wp-content\/uploads\/2023\/09\/SPA-ET-REMISE-EN-FORME-scaled-1-1536x1024.jpeg 1536w, https:\/\/saldae-dz.com\/wp-content\/uploads\/2023\/09\/SPA-ET-REMISE-EN-FORME-scaled-1-2048x1365.jpeg 2048w, https:\/\/saldae-dz.com\/wp-content\/uploads\/2023\/09\/SPA-ET-REMISE-EN-FORME-scaled-1-892x594.jpeg 892w, https:\/\/saldae-dz.com\/wp-content\/uploads\/2023\/09\/SPA-ET-REMISE-EN-FORME-scaled-1-1350x900.jpeg 1350w, https:\/\/saldae-dz.com\/wp-content\/uploads\/2023\/09\/SPA-ET-REMISE-EN-FORME-scaled-1-600x400.jpeg 600w\" sizes=\"auto, (max-width: 2560px) 100vw, 2560px\" \/><\/div><\/div><div class=\"wp-block-getwid-images-stack__media-wrapper\"><div class=\"wp-block-getwid-images-stack__media-inner-wrapper\"><img loading=\"lazy\" decoding=\"async\" width=\"1152\" height=\"768\" class=\"wp-block-getwid-images-stack__media wp-image-2249\" src=\"https:\/\/saldae-dz.com\/wp-content\/uploads\/2023\/12\/IMG_1678.jpg\" data-id=\"2249\" data-link=\"https:\/\/saldae-dz.com\/img_1678\/\" srcset=\"https:\/\/saldae-dz.com\/wp-content\/uploads\/2023\/12\/IMG_1678.jpg 1152w, https:\/\/saldae-dz.com\/wp-content\/uploads\/2023\/12\/IMG_1678-300x200.jpg 300w, https:\/\/saldae-dz.com\/wp-content\/uploads\/2023\/12\/IMG_1678-1024x683.jpg 1024w, https:\/\/saldae-dz.com\/wp-content\/uploads\/2023\/12\/IMG_1678-768x512.jpg 768w, https:\/\/saldae-dz.com\/wp-content\/uploads\/2023\/12\/IMG_1678-18x12.jpg 18w, https:\/\/saldae-dz.com\/wp-content\/uploads\/2023\/12\/IMG_1678-892x595.jpg 892w, https:\/\/saldae-dz.com\/wp-content\/uploads\/2023\/12\/IMG_1678-600x400.jpg 600w\" sizes=\"auto, (max-width: 1152px) 100vw, 1152px\" \/><\/div><\/div><\/div><div class=\"wp-block-getwid-images-stack__chunk\"><div class=\"wp-block-getwid-images-stack__media-wrapper\"><div class=\"wp-block-getwid-images-stack__media-inner-wrapper\"><img loading=\"lazy\" decoding=\"async\" width=\"1152\" height=\"768\" class=\"wp-block-getwid-images-stack__media wp-image-2251\" src=\"https:\/\/saldae-dz.com\/wp-content\/uploads\/2023\/12\/IMG_1681.jpg\" data-id=\"2251\" data-link=\"https:\/\/saldae-dz.com\/img_1681\/\" srcset=\"https:\/\/saldae-dz.com\/wp-content\/uploads\/2023\/12\/IMG_1681.jpg 1152w, https:\/\/saldae-dz.com\/wp-content\/uploads\/2023\/12\/IMG_1681-300x200.jpg 300w, https:\/\/saldae-dz.com\/wp-content\/uploads\/2023\/12\/IMG_1681-1024x683.jpg 1024w, https:\/\/saldae-dz.com\/wp-content\/uploads\/2023\/12\/IMG_1681-768x512.jpg 768w, https:\/\/saldae-dz.com\/wp-content\/uploads\/2023\/12\/IMG_1681-18x12.jpg 18w, https:\/\/saldae-dz.com\/wp-content\/uploads\/2023\/12\/IMG_1681-892x595.jpg 892w, https:\/\/saldae-dz.com\/wp-content\/uploads\/2023\/12\/IMG_1681-600x400.jpg 600w\" sizes=\"auto, (max-width: 1152px) 100vw, 1152px\" \/><\/div><\/div><div class=\"wp-block-getwid-images-stack__media-wrapper\"><div class=\"wp-block-getwid-images-stack__media-inner-wrapper\"><img loading=\"lazy\" decoding=\"async\" width=\"1152\" height=\"768\" class=\"wp-block-getwid-images-stack__media wp-image-2255\" src=\"https:\/\/saldae-dz.com\/wp-content\/uploads\/2023\/12\/IMG_1685.jpg\" data-id=\"2255\" data-link=\"https:\/\/saldae-dz.com\/img_1685\/\" srcset=\"https:\/\/saldae-dz.com\/wp-content\/uploads\/2023\/12\/IMG_1685.jpg 1152w, https:\/\/saldae-dz.com\/wp-content\/uploads\/2023\/12\/IMG_1685-300x200.jpg 300w, https:\/\/saldae-dz.com\/wp-content\/uploads\/2023\/12\/IMG_1685-1024x683.jpg 1024w, https:\/\/saldae-dz.com\/wp-content\/uploads\/2023\/12\/IMG_1685-768x512.jpg 768w, https:\/\/saldae-dz.com\/wp-content\/uploads\/2023\/12\/IMG_1685-18x12.jpg 18w, https:\/\/saldae-dz.com\/wp-content\/uploads\/2023\/12\/IMG_1685-892x595.jpg 892w, https:\/\/saldae-dz.com\/wp-content\/uploads\/2023\/12\/IMG_1685-600x400.jpg 600w\" sizes=\"auto, (max-width: 1152px) 100vw, 1152px\" \/><\/div><\/div><div class=\"wp-block-getwid-images-stack__media-wrapper\"><div class=\"wp-block-getwid-images-stack__media-inner-wrapper\"><img loading=\"lazy\" decoding=\"async\" width=\"1152\" height=\"768\" class=\"wp-block-getwid-images-stack__media wp-image-2256\" src=\"https:\/\/saldae-dz.com\/wp-content\/uploads\/2023\/12\/IMG_1686.jpg\" data-id=\"2256\" data-link=\"https:\/\/saldae-dz.com\/img_1686\/\" srcset=\"https:\/\/saldae-dz.com\/wp-content\/uploads\/2023\/12\/IMG_1686.jpg 1152w, https:\/\/saldae-dz.com\/wp-content\/uploads\/2023\/12\/IMG_1686-300x200.jpg 300w, https:\/\/saldae-dz.com\/wp-content\/uploads\/2023\/12\/IMG_1686-1024x683.jpg 1024w, https:\/\/saldae-dz.com\/wp-content\/uploads\/2023\/12\/IMG_1686-768x512.jpg 768w, https:\/\/saldae-dz.com\/wp-content\/uploads\/2023\/12\/IMG_1686-18x12.jpg 18w, https:\/\/saldae-dz.com\/wp-content\/uploads\/2023\/12\/IMG_1686-892x595.jpg 892w, https:\/\/saldae-dz.com\/wp-content\/uploads\/2023\/12\/IMG_1686-600x400.jpg 600w\" sizes=\"auto, (max-width: 1152px) 100vw, 1152px\" \/><\/div><\/div><\/div><div class=\"wp-block-getwid-images-stack__chunk\"><div class=\"wp-block-getwid-images-stack__media-wrapper\"><div class=\"wp-block-getwid-images-stack__media-inner-wrapper\"><img loading=\"lazy\" decoding=\"async\" width=\"1152\" height=\"768\" class=\"wp-block-getwid-images-stack__media wp-image-2257\" src=\"https:\/\/saldae-dz.com\/wp-content\/uploads\/2023\/12\/IMG_1687.jpg\" data-id=\"2257\" data-link=\"https:\/\/saldae-dz.com\/img_1687\/\" srcset=\"https:\/\/saldae-dz.com\/wp-content\/uploads\/2023\/12\/IMG_1687.jpg 1152w, https:\/\/saldae-dz.com\/wp-content\/uploads\/2023\/12\/IMG_1687-300x200.jpg 300w, https:\/\/saldae-dz.com\/wp-content\/uploads\/2023\/12\/IMG_1687-1024x683.jpg 1024w, https:\/\/saldae-dz.com\/wp-content\/uploads\/2023\/12\/IMG_1687-768x512.jpg 768w, https:\/\/saldae-dz.com\/wp-content\/uploads\/2023\/12\/IMG_1687-18x12.jpg 18w, https:\/\/saldae-dz.com\/wp-content\/uploads\/2023\/12\/IMG_1687-892x595.jpg 892w, https:\/\/saldae-dz.com\/wp-content\/uploads\/2023\/12\/IMG_1687-600x400.jpg 600w\" sizes=\"auto, (max-width: 1152px) 100vw, 1152px\" \/><\/div><\/div><div class=\"wp-block-getwid-images-stack__media-wrapper\"><div class=\"wp-block-getwid-images-stack__media-inner-wrapper\"><img loading=\"lazy\" decoding=\"async\" width=\"768\" height=\"1152\" class=\"wp-block-getwid-images-stack__media wp-image-2260\" src=\"https:\/\/saldae-dz.com\/wp-content\/uploads\/2023\/12\/IMG_1660-rotated.jpg\" data-id=\"2260\" data-link=\"https:\/\/saldae-dz.com\/img_1660\/\" srcset=\"https:\/\/saldae-dz.com\/wp-content\/uploads\/2023\/12\/IMG_1660-rotated.jpg 768w, https:\/\/saldae-dz.com\/wp-content\/uploads\/2023\/12\/IMG_1660-200x300.jpg 200w, https:\/\/saldae-dz.com\/wp-content\/uploads\/2023\/12\/IMG_1660-683x1024.jpg 683w, https:\/\/saldae-dz.com\/wp-content\/uploads\/2023\/12\/IMG_1660-8x12.jpg 8w, https:\/\/saldae-dz.com\/wp-content\/uploads\/2023\/12\/IMG_1660-600x900.jpg 600w\" sizes=\"auto, (max-width: 768px) 100vw, 768px\" \/><\/div><\/div><div class=\"wp-block-getwid-images-stack__media-wrapper\"><div class=\"wp-block-getwid-images-stack__media-inner-wrapper\"><img loading=\"lazy\" decoding=\"async\" width=\"512\" height=\"768\" class=\"wp-block-getwid-images-stack__media wp-image-2248\" src=\"https:\/\/saldae-dz.com\/wp-content\/uploads\/2023\/12\/IMG_1677.jpg\" data-id=\"2248\" data-link=\"https:\/\/saldae-dz.com\/img_1677\/\" srcset=\"https:\/\/saldae-dz.com\/wp-content\/uploads\/2023\/12\/IMG_1677.jpg 512w, https:\/\/saldae-dz.com\/wp-content\/uploads\/2023\/12\/IMG_1677-200x300.jpg 200w, https:\/\/saldae-dz.com\/wp-content\/uploads\/2023\/12\/IMG_1677-8x12.jpg 8w\" sizes=\"auto, (max-width: 512px) 100vw, 512px\" \/><\/div><\/div><\/div><div class=\"wp-block-getwid-images-stack__chunk\"><div class=\"wp-block-getwid-images-stack__media-wrapper\"><div class=\"wp-block-getwid-images-stack__media-inner-wrapper\"><img loading=\"lazy\" decoding=\"async\" width=\"1152\" height=\"768\" class=\"wp-block-getwid-images-stack__media wp-image-2250\" src=\"https:\/\/saldae-dz.com\/wp-content\/uploads\/2023\/12\/IMG_1679.jpg\" data-id=\"2250\" data-link=\"https:\/\/saldae-dz.com\/img_1679\/\" srcset=\"https:\/\/saldae-dz.com\/wp-content\/uploads\/2023\/12\/IMG_1679.jpg 1152w, https:\/\/saldae-dz.com\/wp-content\/uploads\/2023\/12\/IMG_1679-300x200.jpg 300w, https:\/\/saldae-dz.com\/wp-content\/uploads\/2023\/12\/IMG_1679-1024x683.jpg 1024w, https:\/\/saldae-dz.com\/wp-content\/uploads\/2023\/12\/IMG_1679-768x512.jpg 768w, https:\/\/saldae-dz.com\/wp-content\/uploads\/2023\/12\/IMG_1679-18x12.jpg 18w, https:\/\/saldae-dz.com\/wp-content\/uploads\/2023\/12\/IMG_1679-892x595.jpg 892w, https:\/\/saldae-dz.com\/wp-content\/uploads\/2023\/12\/IMG_1679-600x400.jpg 600w\" sizes=\"auto, (max-width: 1152px) 100vw, 1152px\" \/><\/div><\/div><div class=\"wp-block-getwid-images-stack__media-wrapper\"><div class=\"wp-block-getwid-images-stack__media-inner-wrapper\"><img loading=\"lazy\" decoding=\"async\" width=\"1152\" height=\"768\" class=\"wp-block-getwid-images-stack__media wp-image-2252\" src=\"https:\/\/saldae-dz.com\/wp-content\/uploads\/2023\/12\/IMG_1682.jpg\" data-id=\"2252\" data-link=\"https:\/\/saldae-dz.com\/img_1682\/\" srcset=\"https:\/\/saldae-dz.com\/wp-content\/uploads\/2023\/12\/IMG_1682.jpg 1152w, https:\/\/saldae-dz.com\/wp-content\/uploads\/2023\/12\/IMG_1682-300x200.jpg 300w, https:\/\/saldae-dz.com\/wp-content\/uploads\/2023\/12\/IMG_1682-1024x683.jpg 1024w, https:\/\/saldae-dz.com\/wp-content\/uploads\/2023\/12\/IMG_1682-768x512.jpg 768w, https:\/\/saldae-dz.com\/wp-content\/uploads\/2023\/12\/IMG_1682-18x12.jpg 18w, https:\/\/saldae-dz.com\/wp-content\/uploads\/2023\/12\/IMG_1682-892x595.jpg 892w, https:\/\/saldae-dz.com\/wp-content\/uploads\/2023\/12\/IMG_1682-600x400.jpg 600w\" sizes=\"auto, (max-width: 1152px) 100vw, 1152px\" \/><\/div><\/div><div class=\"wp-block-getwid-images-stack__media-wrapper\"><div class=\"wp-block-getwid-images-stack__media-inner-wrapper\"><img loading=\"lazy\" decoding=\"async\" width=\"1152\" height=\"768\" class=\"wp-block-getwid-images-stack__media wp-image-2258\" src=\"https:\/\/saldae-dz.com\/wp-content\/uploads\/2023\/12\/IMG_1657.jpg\" data-id=\"2258\" data-link=\"https:\/\/saldae-dz.com\/img_1657\/\" srcset=\"https:\/\/saldae-dz.com\/wp-content\/uploads\/2023\/12\/IMG_1657.jpg 1152w, https:\/\/saldae-dz.com\/wp-content\/uploads\/2023\/12\/IMG_1657-300x200.jpg 300w, https:\/\/saldae-dz.com\/wp-content\/uploads\/2023\/12\/IMG_1657-1024x683.jpg 1024w, https:\/\/saldae-dz.com\/wp-content\/uploads\/2023\/12\/IMG_1657-768x512.jpg 768w, https:\/\/saldae-dz.com\/wp-content\/uploads\/2023\/12\/IMG_1657-18x12.jpg 18w, https:\/\/saldae-dz.com\/wp-content\/uploads\/2023\/12\/IMG_1657-892x595.jpg 892w, https:\/\/saldae-dz.com\/wp-content\/uploads\/2023\/12\/IMG_1657-600x400.jpg 600w\" sizes=\"auto, (max-width: 1152px) 100vw, 1152px\" \/><\/div><\/div><\/div><div class=\"wp-block-getwid-images-stack__chunk\"><div class=\"wp-block-getwid-images-stack__media-wrapper\"><div class=\"wp-block-getwid-images-stack__media-inner-wrapper\"><img loading=\"lazy\" decoding=\"async\" width=\"512\" height=\"768\" class=\"wp-block-getwid-images-stack__media wp-image-2261\" src=\"https:\/\/saldae-dz.com\/wp-content\/uploads\/2023\/12\/IMG_1661.jpg\" data-id=\"2261\" data-link=\"https:\/\/saldae-dz.com\/img_1661\/\" srcset=\"https:\/\/saldae-dz.com\/wp-content\/uploads\/2023\/12\/IMG_1661.jpg 512w, https:\/\/saldae-dz.com\/wp-content\/uploads\/2023\/12\/IMG_1661-200x300.jpg 200w, https:\/\/saldae-dz.com\/wp-content\/uploads\/2023\/12\/IMG_1661-8x12.jpg 8w\" sizes=\"auto, (max-width: 512px) 100vw, 512px\" \/><\/div><\/div><div class=\"wp-block-getwid-images-stack__media-wrapper\"><div class=\"wp-block-getwid-images-stack__media-inner-wrapper\"><img loading=\"lazy\" decoding=\"async\" width=\"1152\" height=\"768\" class=\"wp-block-getwid-images-stack__media wp-image-2264\" src=\"https:\/\/saldae-dz.com\/wp-content\/uploads\/2023\/12\/IMG_1664.jpg\" data-id=\"2264\" data-link=\"https:\/\/saldae-dz.com\/img_1664\/\" srcset=\"https:\/\/saldae-dz.com\/wp-content\/uploads\/2023\/12\/IMG_1664.jpg 1152w, https:\/\/saldae-dz.com\/wp-content\/uploads\/2023\/12\/IMG_1664-300x200.jpg 300w, https:\/\/saldae-dz.com\/wp-content\/uploads\/2023\/12\/IMG_1664-1024x683.jpg 1024w, https:\/\/saldae-dz.com\/wp-content\/uploads\/2023\/12\/IMG_1664-768x512.jpg 768w, https:\/\/saldae-dz.com\/wp-content\/uploads\/2023\/12\/IMG_1664-18x12.jpg 18w, https:\/\/saldae-dz.com\/wp-content\/uploads\/2023\/12\/IMG_1664-892x595.jpg 892w, https:\/\/saldae-dz.com\/wp-content\/uploads\/2023\/12\/IMG_1664-600x400.jpg 600w\" sizes=\"auto, (max-width: 1152px) 100vw, 1152px\" \/><\/div><\/div><div class=\"wp-block-getwid-images-stack__media-wrapper\"><div class=\"wp-block-getwid-images-stack__media-inner-wrapper\"><img loading=\"lazy\" decoding=\"async\" width=\"1152\" height=\"768\" class=\"wp-block-getwid-images-stack__media wp-image-2269\" src=\"https:\/\/saldae-dz.com\/wp-content\/uploads\/2023\/12\/IMG_1670.jpg\" data-id=\"2269\" data-link=\"https:\/\/saldae-dz.com\/img_1670\/\" srcset=\"https:\/\/saldae-dz.com\/wp-content\/uploads\/2023\/12\/IMG_1670.jpg 1152w, https:\/\/saldae-dz.com\/wp-content\/uploads\/2023\/12\/IMG_1670-300x200.jpg 300w, https:\/\/saldae-dz.com\/wp-content\/uploads\/2023\/12\/IMG_1670-1024x683.jpg 1024w, https:\/\/saldae-dz.com\/wp-content\/uploads\/2023\/12\/IMG_1670-768x512.jpg 768w, https:\/\/saldae-dz.com\/wp-content\/uploads\/2023\/12\/IMG_1670-18x12.jpg 18w, https:\/\/saldae-dz.com\/wp-content\/uploads\/2023\/12\/IMG_1670-892x595.jpg 892w, https:\/\/saldae-dz.com\/wp-content\/uploads\/2023\/12\/IMG_1670-600x400.jpg 600w\" sizes=\"auto, (max-width: 1152px) 100vw, 1152px\" \/><\/div><\/div><\/div><\/div><\/div>","protected":false},"excerpt":{"rendered":"<p>D\u00e9tendez-vous et plongez dans notre piscine paradisiaque, un v\u00e9ritable havre de fra\u00eecheur et de relaxation. Profitez de moments de s\u00e9r\u00e9nit\u00e9 absolue tout en vous pr\u00e9lassant au bord de l&rsquo;eau cristalline et en savourant une pause bien m\u00e9rit\u00e9e. Une exp\u00e9rience aquatique inoubliable vous attend au c\u0153ur de notre h\u00f4tel.<\/p>","protected":false},"author":1,"featured_media":0,"parent":0,"menu_order":0,"comment_status":"closed","ping_status":"closed","template":"","meta":{"inline_featured_image":false,"footnotes":""},"class_list":["post-1540","page","type-page","status-publish","hentry"],"_links":{"self":[{"href":"https:\/\/saldae-dz.com\/ar\/wp-json\/wp\/v2\/pages\/1540","targetHints":{"allow":["GET"]}}],"collection":[{"href":"https:\/\/saldae-dz.com\/ar\/wp-json\/wp\/v2\/pages"}],"about":[{"href":"https:\/\/saldae-dz.com\/ar\/wp-json\/wp\/v2\/types\/page"}],"author":[{"embeddable":true,"href":"https:\/\/saldae-dz.com\/ar\/wp-json\/wp\/v2\/users\/1"}],"replies":[{"embeddable":true,"href":"https:\/\/saldae-dz.com\/ar\/wp-json\/wp\/v2\/comments?post=1540"}],"version-history":[{"count":6,"href":"https:\/\/saldae-dz.com\/ar\/wp-json\/wp\/v2\/pages\/1540\/revisions"}],"predecessor-version":[{"id":2278,"href":"https:\/\/saldae-dz.com\/ar\/wp-json\/wp\/v2\/pages\/1540\/revisions\/2278"}],"wp:attachment":[{"href":"https:\/\/saldae-dz.com\/ar\/wp-json\/wp\/v2\/media?parent=1540"}],"curies":[{"name":"wp","href":"https:\/\/api.w.org\/{rel}","templated":true}]}}