{"id":1538,"date":"2023-09-20T15:03:46","date_gmt":"2023-09-20T14:03:46","guid":{"rendered":"https:\/\/saldae-dz.com\/?page_id=1538"},"modified":"2024-08-01T14:31:01","modified_gmt":"2024-08-01T13:31:01","slug":"piscine","status":"publish","type":"page","link":"https:\/\/saldae-dz.com\/ar\/piscine\/","title":{"rendered":"Piscine"},"content":{"rendered":"<div class=\"wp-block-image\">\n<figure class=\"aligncenter size-full\"><a href=\"https:\/\/saldae-dz.com\/wp-content\/uploads\/2024\/08\/On-merite-de-samuser-au-soleil-4.png\"><img loading=\"lazy\" decoding=\"async\" width=\"700\" height=\"700\" src=\"https:\/\/saldae-dz.com\/wp-content\/uploads\/2024\/08\/On-merite-de-samuser-au-soleil-4.png\" alt=\"\" class=\"wp-image-2852\" srcset=\"https:\/\/saldae-dz.com\/wp-content\/uploads\/2024\/08\/On-merite-de-samuser-au-soleil-4.png 700w, https:\/\/saldae-dz.com\/wp-content\/uploads\/2024\/08\/On-merite-de-samuser-au-soleil-4-300x300.png 300w, https:\/\/saldae-dz.com\/wp-content\/uploads\/2024\/08\/On-merite-de-samuser-au-soleil-4-150x150.png 150w, https:\/\/saldae-dz.com\/wp-content\/uploads\/2024\/08\/On-merite-de-samuser-au-soleil-4-12x12.png 12w, https:\/\/saldae-dz.com\/wp-content\/uploads\/2024\/08\/On-merite-de-samuser-au-soleil-4-600x600.png 600w, https:\/\/saldae-dz.com\/wp-content\/uploads\/2024\/08\/On-merite-de-samuser-au-soleil-4-100x100.png 100w\" sizes=\"auto, (max-width: 700px) 100vw, 700px\" \/><\/a><\/figure>\n<\/div>","protected":false},"excerpt":{"rendered":"<p>D\u00e9tendez-vous et plongez dans notre piscine paradisiaque, un v\u00e9ritable havre de fra\u00eecheur et de relaxation. Profitez de moments de s\u00e9r\u00e9nit\u00e9 absolue tout en vous pr\u00e9lassant au bord de l&rsquo;eau cristalline et en savourant une pause bien m\u00e9rit\u00e9e. Une exp\u00e9rience aquatique inoubliable vous attend au c\u0153ur de notre h\u00f4tel.<\/p>","protected":false},"author":1,"featured_media":0,"parent":0,"menu_order":0,"comment_status":"closed","ping_status":"closed","template":"","meta":{"inline_featured_image":false,"footnotes":""},"class_list":["post-1538","page","type-page","status-publish","hentry"],"_links":{"self":[{"href":"https:\/\/saldae-dz.com\/ar\/wp-json\/wp\/v2\/pages\/1538","targetHints":{"allow":["GET"]}}],"collection":[{"href":"https:\/\/saldae-dz.com\/ar\/wp-json\/wp\/v2\/pages"}],"about":[{"href":"https:\/\/saldae-dz.com\/ar\/wp-json\/wp\/v2\/types\/page"}],"author":[{"embeddable":true,"href":"https:\/\/saldae-dz.com\/ar\/wp-json\/wp\/v2\/users\/1"}],"replies":[{"embeddable":true,"href":"https:\/\/saldae-dz.com\/ar\/wp-json\/wp\/v2\/comments?post=1538"}],"version-history":[{"count":10,"href":"https:\/\/saldae-dz.com\/ar\/wp-json\/wp\/v2\/pages\/1538\/revisions"}],"predecessor-version":[{"id":2853,"href":"https:\/\/saldae-dz.com\/ar\/wp-json\/wp\/v2\/pages\/1538\/revisions\/2853"}],"wp:attachment":[{"href":"https:\/\/saldae-dz.com\/ar\/wp-json\/wp\/v2\/media?parent=1538"}],"curies":[{"name":"wp","href":"https:\/\/api.w.org\/{rel}","templated":true}]}}