{"id":1528,"date":"2023-09-20T14:23:30","date_gmt":"2023-09-20T13:23:30","guid":{"rendered":"https:\/\/saldae-dz.com\/?page_id=1528"},"modified":"2023-09-20T15:26:29","modified_gmt":"2023-09-20T14:26:29","slug":"divertissement","status":"publish","type":"page","link":"https:\/\/saldae-dz.com\/ar\/divertissement\/","title":{"rendered":"Divertissement"},"content":{"rendered":"<div class=\"wp-block-getwid-advanced-heading has-custom-font-size\" style=\"font-size:25px\"><span class=\"wp-block-getwid-advanced-heading__content\" style=\"text-align:center\">Piscine<\/span><\/div>\n\n\n\n<figure class=\"wp-block-image alignwide size-large\"><a href=\"https:\/\/saldae-dz.com\/wp-content\/uploads\/2023\/09\/image-4.png\"><img loading=\"lazy\" decoding=\"async\" width=\"768\" height=\"1024\" src=\"https:\/\/saldae-dz.com\/wp-content\/uploads\/2023\/09\/image-4-768x1024.png\" alt=\"\" class=\"wp-image-1421\" style=\"aspect-ratio:16\/9;object-fit:cover\" srcset=\"https:\/\/saldae-dz.com\/wp-content\/uploads\/2023\/09\/image-4-768x1024.png 768w, https:\/\/saldae-dz.com\/wp-content\/uploads\/2023\/09\/image-4-225x300.png 225w, https:\/\/saldae-dz.com\/wp-content\/uploads\/2023\/09\/image-4-1152x1536.png 1152w, https:\/\/saldae-dz.com\/wp-content\/uploads\/2023\/09\/image-4-1536x2048.png 1536w, https:\/\/saldae-dz.com\/wp-content\/uploads\/2023\/09\/image-4-892x1189.png 892w, https:\/\/saldae-dz.com\/wp-content\/uploads\/2023\/09\/image-4-1350x1800.png 1350w, https:\/\/saldae-dz.com\/wp-content\/uploads\/2023\/09\/image-4-600x800.png 600w, https:\/\/saldae-dz.com\/wp-content\/uploads\/2023\/09\/image-4.png 1920w\" sizes=\"auto, (max-width: 768px) 100vw, 768px\" \/><\/a><\/figure>\n\n\n\n<p>Situ\u00e9e au c\u0153ur de notre h\u00f4tel, notre piscine est un v\u00e9ritable havre de d\u00e9tente. Vous pourrez vous rafra\u00eechir dans ses eaux cristallines tout en profitant du soleil. C&rsquo;est l&rsquo;endroit id\u00e9al pour se d\u00e9tendre et se relaxer pendant votre s\u00e9jour chez nous.<\/p>\n\n\n\n<div class=\"wp-block-buttons is-content-justification-center is-layout-flex wp-container-core-buttons-is-layout-16018d1d wp-block-buttons-is-layout-flex\">\n<div class=\"wp-block-button has-custom-width wp-block-button__width-25\"><a class=\"wp-block-button__link wp-element-button\" href=\"https:\/\/saldae-dz.com\/ar\/piscine\/\">En Savoir Plus<\/a><\/div>\n<\/div>\n\n\n\n<div style=\"height:10px\" aria-hidden=\"true\" class=\"wp-block-spacer\"><\/div>\n\n\n\n<hr class=\"wp-block-separator alignwide has-alpha-channel-opacity is-style-default\"\/>\n\n\n\n<div style=\"height:10px\" aria-hidden=\"true\" class=\"wp-block-spacer\"><\/div>\n\n\n\n<div class=\"wp-block-getwid-advanced-heading has-custom-font-size\" style=\"font-size:25px\"><span class=\"wp-block-getwid-advanced-heading__content\" style=\"text-align:center\">SPA et Salle de Fitness<\/span><\/div>\n\n\n\n<figure class=\"wp-block-image alignwide size-large\"><a href=\"https:\/\/saldae-dz.com\/wp-content\/uploads\/2023\/09\/SPA-ET-REMISE-EN-FORME-scaled-1.jpeg\"><img loading=\"lazy\" decoding=\"async\" width=\"1024\" height=\"682\" src=\"https:\/\/saldae-dz.com\/wp-content\/uploads\/2023\/09\/SPA-ET-REMISE-EN-FORME-scaled-1-1024x682.jpeg\" alt=\"\" class=\"wp-image-1542\" style=\"aspect-ratio:16\/9;object-fit:cover\" srcset=\"https:\/\/saldae-dz.com\/wp-content\/uploads\/2023\/09\/SPA-ET-REMISE-EN-FORME-scaled-1-1024x682.jpeg 1024w, https:\/\/saldae-dz.com\/wp-content\/uploads\/2023\/09\/SPA-ET-REMISE-EN-FORME-scaled-1-300x200.jpeg 300w, https:\/\/saldae-dz.com\/wp-content\/uploads\/2023\/09\/SPA-ET-REMISE-EN-FORME-scaled-1-768x512.jpeg 768w, https:\/\/saldae-dz.com\/wp-content\/uploads\/2023\/09\/SPA-ET-REMISE-EN-FORME-scaled-1-1536x1024.jpeg 1536w, https:\/\/saldae-dz.com\/wp-content\/uploads\/2023\/09\/SPA-ET-REMISE-EN-FORME-scaled-1-2048x1365.jpeg 2048w, https:\/\/saldae-dz.com\/wp-content\/uploads\/2023\/09\/SPA-ET-REMISE-EN-FORME-scaled-1-892x594.jpeg 892w, https:\/\/saldae-dz.com\/wp-content\/uploads\/2023\/09\/SPA-ET-REMISE-EN-FORME-scaled-1-1350x900.jpeg 1350w, https:\/\/saldae-dz.com\/wp-content\/uploads\/2023\/09\/SPA-ET-REMISE-EN-FORME-scaled-1-600x400.jpeg 600w\" sizes=\"auto, (max-width: 1024px) 100vw, 1024px\" \/><\/a><\/figure>\n\n\n\n<p>Situ\u00e9e au c\u0153ur de notre h\u00f4tel, notre piscine est un v\u00e9ritable havre de d\u00e9tente. Vous pourrez vous rafra\u00eechir dans ses eaux cristallines tout en profitant du soleil. C&rsquo;est l&rsquo;endroit id\u00e9al pour se d\u00e9tendre et se relaxer pendant votre s\u00e9jour chez nous.<\/p>\n\n\n\n<div class=\"wp-block-buttons is-content-justification-center is-layout-flex wp-container-core-buttons-is-layout-16018d1d wp-block-buttons-is-layout-flex\">\n<div class=\"wp-block-button has-custom-width wp-block-button__width-25\"><a class=\"wp-block-button__link wp-element-button\" href=\"https:\/\/saldae-dz.com\/ar\/spa-et-salle-de-fitness\/\">En Savoir Plus<\/a><\/div>\n<\/div>","protected":false},"excerpt":{"rendered":"<p>Situ\u00e9e au c\u0153ur de notre h\u00f4tel, notre piscine est un v\u00e9ritable havre de d\u00e9tente. Vous pourrez vous rafra\u00eechir dans ses eaux cristallines tout en profitant du soleil. C&rsquo;est l&rsquo;endroit id\u00e9al pour se d\u00e9tendre et se relaxer pendant votre s\u00e9jour chez nous. Situ\u00e9e au c\u0153ur de notre h\u00f4tel, notre piscine est un v\u00e9ritable havre de d\u00e9tente. [&hellip;]<\/p>\n","protected":false},"author":1,"featured_media":0,"parent":0,"menu_order":0,"comment_status":"closed","ping_status":"closed","template":"","meta":{"inline_featured_image":false,"footnotes":""},"class_list":["post-1528","page","type-page","status-publish","hentry"],"_links":{"self":[{"href":"https:\/\/saldae-dz.com\/ar\/wp-json\/wp\/v2\/pages\/1528","targetHints":{"allow":["GET"]}}],"collection":[{"href":"https:\/\/saldae-dz.com\/ar\/wp-json\/wp\/v2\/pages"}],"about":[{"href":"https:\/\/saldae-dz.com\/ar\/wp-json\/wp\/v2\/types\/page"}],"author":[{"embeddable":true,"href":"https:\/\/saldae-dz.com\/ar\/wp-json\/wp\/v2\/users\/1"}],"replies":[{"embeddable":true,"href":"https:\/\/saldae-dz.com\/ar\/wp-json\/wp\/v2\/comments?post=1528"}],"version-history":[{"count":10,"href":"https:\/\/saldae-dz.com\/ar\/wp-json\/wp\/v2\/pages\/1528\/revisions"}],"predecessor-version":[{"id":1547,"href":"https:\/\/saldae-dz.com\/ar\/wp-json\/wp\/v2\/pages\/1528\/revisions\/1547"}],"wp:attachment":[{"href":"https:\/\/saldae-dz.com\/ar\/wp-json\/wp\/v2\/media?parent=1528"}],"curies":[{"name":"wp","href":"https:\/\/api.w.org\/{rel}","templated":true}]}}