{"id":1507,"date":"2023-09-19T10:44:04","date_gmt":"2023-09-19T09:44:04","guid":{"rendered":"https:\/\/saldae-dz.com\/?page_id=1507"},"modified":"2023-12-19T09:32:17","modified_gmt":"2023-12-19T08:32:17","slug":"pour-vos-evenements","status":"publish","type":"page","link":"https:\/\/saldae-dz.com\/ar\/pour-vos-evenements\/","title":{"rendered":"Pour vos \u00e9v\u00e9nements"},"content":{"rendered":"<div class=\"wp-block-getwid-advanced-heading has-custom-font-size\" style=\"font-size:24px;margin-top:50px\"><h1 class=\"wp-block-getwid-advanced-heading__content\" style=\"text-align:center\">Salle Polyvalente<\/h1><\/div>\n\n\n\n<p class=\"has-text-align-center\">Vos \u00c9v\u00e9nements, Notre Engagement<\/p>\n\n\n\n<figure class=\"wp-block-image alignwide size-full is-style-default\"><a href=\"https:\/\/saldae-dz.com\/wp-content\/uploads\/2023\/09\/SALLE-POLYVALENTE-2048x1365-1.jpeg\"><img loading=\"lazy\" decoding=\"async\" width=\"2048\" height=\"1365\" src=\"https:\/\/saldae-dz.com\/wp-content\/uploads\/2023\/09\/SALLE-POLYVALENTE-2048x1365-1.jpeg\" alt=\"\" class=\"wp-image-1512\" style=\"aspect-ratio:16\/9;object-fit:cover\" srcset=\"https:\/\/saldae-dz.com\/wp-content\/uploads\/2023\/09\/SALLE-POLYVALENTE-2048x1365-1.jpeg 2048w, https:\/\/saldae-dz.com\/wp-content\/uploads\/2023\/09\/SALLE-POLYVALENTE-2048x1365-1-300x200.jpeg 300w, https:\/\/saldae-dz.com\/wp-content\/uploads\/2023\/09\/SALLE-POLYVALENTE-2048x1365-1-1024x683.jpeg 1024w, https:\/\/saldae-dz.com\/wp-content\/uploads\/2023\/09\/SALLE-POLYVALENTE-2048x1365-1-768x512.jpeg 768w, https:\/\/saldae-dz.com\/wp-content\/uploads\/2023\/09\/SALLE-POLYVALENTE-2048x1365-1-1536x1024.jpeg 1536w, https:\/\/saldae-dz.com\/wp-content\/uploads\/2023\/09\/SALLE-POLYVALENTE-2048x1365-1-892x595.jpeg 892w, https:\/\/saldae-dz.com\/wp-content\/uploads\/2023\/09\/SALLE-POLYVALENTE-2048x1365-1-1350x900.jpeg 1350w, https:\/\/saldae-dz.com\/wp-content\/uploads\/2023\/09\/SALLE-POLYVALENTE-2048x1365-1-600x400.jpeg 600w\" sizes=\"auto, (max-width: 2048px) 100vw, 2048px\" \/><\/a><\/figure>\n\n\n\n<p class=\"has-text-align-left\" style=\"font-size:21px\">Vous cherchez l\u2019endroit parfait pour c\u00e9l\u00e9brer un mariage, congr\u00e8s, s\u00e9minaires ou tout autre \u00e9v\u00e9nement digne d\u2019\u00eatre c\u00e9l\u00e9br\u00e9, notre h\u00f4tel met \u00e0 votre disposition une salle polyvalente de&nbsp;500<strong>&nbsp;<\/strong>places richement \u00e9quip\u00e9e L\u2019exp\u00e9rience et le savoir-faire de notre staff garantissent la r\u00e9ussite de votre \u00e9v\u00e9nement<\/p>\n\n\n\n<div class=\"wp-block-buttons is-content-justification-center is-layout-flex wp-container-core-buttons-is-layout-16018d1d wp-block-buttons-is-layout-flex\">\n<div class=\"wp-block-button has-custom-width wp-block-button__width-25\"><a class=\"wp-block-button__link wp-element-button\" href=\"https:\/\/saldae-dz.com\/ar\/salle-polyvalente\/\">En savoir Plus<\/a><\/div>\n<\/div>\n\n\n\n<hr class=\"wp-block-separator alignwide has-alpha-channel-opacity is-style-default\"\/>\n\n\n\n<div style=\"height:20px\" aria-hidden=\"true\" class=\"wp-block-spacer\"><\/div>\n\n\n\n<div class=\"wp-block-getwid-advanced-heading has-custom-font-size\" style=\"font-size:24px;margin-top:50px\"><h1 class=\"wp-block-getwid-advanced-heading__content\" style=\"text-align:center\">Salle de r\u00e9union Fibonnaci<\/h1><\/div>\n\n\n\n<p class=\"has-text-align-center\">Un Espace pour l&rsquo;Innovation<\/p>\n\n\n\n<figure class=\"wp-block-image alignwide size-full is-style-default\"><a href=\"https:\/\/saldae-dz.com\/wp-content\/uploads\/2023\/12\/IMG_1711-scaled.jpg\"><img loading=\"lazy\" decoding=\"async\" width=\"2560\" height=\"1707\" src=\"https:\/\/saldae-dz.com\/wp-content\/uploads\/2023\/12\/IMG_1711-scaled.jpg\" alt=\"\" class=\"wp-image-2309\" style=\"aspect-ratio:16\/9;object-fit:cover\" srcset=\"https:\/\/saldae-dz.com\/wp-content\/uploads\/2023\/12\/IMG_1711-scaled.jpg 2560w, https:\/\/saldae-dz.com\/wp-content\/uploads\/2023\/12\/IMG_1711-300x200.jpg 300w, https:\/\/saldae-dz.com\/wp-content\/uploads\/2023\/12\/IMG_1711-1024x683.jpg 1024w, https:\/\/saldae-dz.com\/wp-content\/uploads\/2023\/12\/IMG_1711-768x512.jpg 768w, https:\/\/saldae-dz.com\/wp-content\/uploads\/2023\/12\/IMG_1711-1536x1024.jpg 1536w, https:\/\/saldae-dz.com\/wp-content\/uploads\/2023\/12\/IMG_1711-2048x1365.jpg 2048w, https:\/\/saldae-dz.com\/wp-content\/uploads\/2023\/12\/IMG_1711-18x12.jpg 18w, https:\/\/saldae-dz.com\/wp-content\/uploads\/2023\/12\/IMG_1711-892x595.jpg 892w, https:\/\/saldae-dz.com\/wp-content\/uploads\/2023\/12\/IMG_1711-1350x900.jpg 1350w, https:\/\/saldae-dz.com\/wp-content\/uploads\/2023\/12\/IMG_1711-600x400.jpg 600w\" sizes=\"auto, (max-width: 2560px) 100vw, 2560px\" \/><\/a><\/figure>\n\n\n\n<p class=\"has-text-align-left\" style=\"font-size:21px\">Pr\u00e9parez-vous pour une r\u00e9union professionnelle de premier plan avec notre salle de r\u00e9union Fibonacci de 30 places. Cet espace est bien plus qu&rsquo;un simple lieu de rencontre. Il incarne l&rsquo;innovation et la transformation des id\u00e9es en actions concr\u00e8tes. Dot\u00e9 d&rsquo;une technologie de pointe et d&rsquo;un environnement inspirant, notre salle offre tout ce dont vous avez besoin pour des discussions strat\u00e9giques, des brainstormings fructueux et des pr\u00e9sentations percutantes, sans le moindre accroc<\/p>\n\n\n\n<div class=\"wp-block-buttons is-content-justification-center is-layout-flex wp-container-core-buttons-is-layout-16018d1d wp-block-buttons-is-layout-flex\">\n<div class=\"wp-block-button has-custom-width wp-block-button__width-25\"><a class=\"wp-block-button__link wp-element-button\" href=\"https:\/\/saldae-dz.com\/ar\/salle-de-reunion-fibonnaci\/\">En Savoir Plus<\/a><\/div>\n<\/div>","protected":false},"excerpt":{"rendered":"<p>Vos \u00c9v\u00e9nements, Notre Engagement Vous cherchez l\u2019endroit parfait pour c\u00e9l\u00e9brer un mariage, congr\u00e8s, s\u00e9minaires ou tout autre \u00e9v\u00e9nement digne d\u2019\u00eatre c\u00e9l\u00e9br\u00e9, notre h\u00f4tel met \u00e0 votre disposition une salle polyvalente de&nbsp;500&nbsp;places richement \u00e9quip\u00e9e L\u2019exp\u00e9rience et le savoir-faire de notre staff garantissent la r\u00e9ussite de votre \u00e9v\u00e9nement Un Espace pour l&rsquo;Innovation Pr\u00e9parez-vous pour une r\u00e9union professionnelle [&hellip;]<\/p>\n","protected":false},"author":2,"featured_media":0,"parent":0,"menu_order":0,"comment_status":"closed","ping_status":"closed","template":"template-wide-page.php","meta":{"inline_featured_image":false,"footnotes":""},"class_list":["post-1507","page","type-page","status-publish","hentry"],"_links":{"self":[{"href":"https:\/\/saldae-dz.com\/ar\/wp-json\/wp\/v2\/pages\/1507","targetHints":{"allow":["GET"]}}],"collection":[{"href":"https:\/\/saldae-dz.com\/ar\/wp-json\/wp\/v2\/pages"}],"about":[{"href":"https:\/\/saldae-dz.com\/ar\/wp-json\/wp\/v2\/types\/page"}],"author":[{"embeddable":true,"href":"https:\/\/saldae-dz.com\/ar\/wp-json\/wp\/v2\/users\/2"}],"replies":[{"embeddable":true,"href":"https:\/\/saldae-dz.com\/ar\/wp-json\/wp\/v2\/comments?post=1507"}],"version-history":[{"count":19,"href":"https:\/\/saldae-dz.com\/ar\/wp-json\/wp\/v2\/pages\/1507\/revisions"}],"predecessor-version":[{"id":2315,"href":"https:\/\/saldae-dz.com\/ar\/wp-json\/wp\/v2\/pages\/1507\/revisions\/2315"}],"wp:attachment":[{"href":"https:\/\/saldae-dz.com\/ar\/wp-json\/wp\/v2\/media?parent=1507"}],"curies":[{"name":"wp","href":"https:\/\/api.w.org\/{rel}","templated":true}]}}