{"id":1499,"date":"2023-09-18T16:29:06","date_gmt":"2023-09-18T15:29:06","guid":{"rendered":"https:\/\/saldae-dz.com\/?page_id=1499"},"modified":"2023-12-27T22:02:13","modified_gmt":"2023-12-27T21:02:13","slug":"restaurant-bab-el-bahr","status":"publish","type":"page","link":"https:\/\/saldae-dz.com\/ar\/restaurant-bab-el-bahr\/","title":{"rendered":"Restaurant Bab El Bahr"},"content":{"rendered":"<div class=\"wp-block-getwid-section\"><div class=\"wp-block-getwid-section__wrapper getwid-padding-left-none getwid-padding-right-none\" style=\"padding-top:30px\"><div class=\"wp-block-getwid-section__inner-wrapper\"><div class=\"wp-block-getwid-section__background-holder\"><div class=\"wp-block-getwid-section__background\"><\/div><div class=\"wp-block-getwid-section__foreground\"><\/div><\/div><div class=\"wp-block-getwid-section__content\"><div class=\"wp-block-getwid-section__inner-content\">\n<div class=\"wp-block-getwid-advanced-heading\" style=\"margin-bottom:20px\"><h2 class=\"wp-block-getwid-advanced-heading__content\" style=\"text-align:center\">Le Menu<\/h2><\/div>\n\n\n\n<p class=\"has-text-align-center\">Seuls les meilleurs plats, soigneusement pr\u00e9par\u00e9s par nos chefs, figurent \u00e0 notre menu. D\u00e9couvrez des saveurs venues des quatre coins du globe &#8211; laissez-nous vous emmener dans un voyage culinaire surprenant, vous laissant \u00e0 la fois impressionn\u00e9 et rassasi\u00e9.<\/p>\n<\/div><\/div><\/div><\/div><\/div>\n\n\n\n<div class=\"wp-block-getwid-section is-style-rounded\" style=\"margin-top:44px;margin-bottom:60px\"><div class=\"wp-block-getwid-section__wrapper\" style=\"min-height:330px\"><div class=\"wp-block-getwid-section__inner-wrapper\"><div class=\"wp-block-getwid-section__background-holder\"><div class=\"wp-block-getwid-section__background\" style=\"background-image:url('https:\/\/saldae-dz.com\/wp-content\/uploads\/2019\/10\/lunch.jpg')\"><div class=\"wp-block-getwid-section__background-image-wrapper\"><img decoding=\"async\" class=\"wp-block-getwid-section__background-image\" src=\"https:\/\/saldae-dz.com\/wp-content\/uploads\/2019\/10\/lunch.jpg\" alt=\"\"\/><\/div><\/div><div class=\"wp-block-getwid-section__foreground\"><\/div><\/div><div class=\"wp-block-getwid-section__content\"><div class=\"wp-block-getwid-section__inner-content\">\n<div class=\"wp-block-getwid-advanced-heading has-custom-font-size\" style=\"font-size:48px;margin-bottom:5px\"><h2 class=\"wp-block-getwid-advanced-heading__content has-text-color has-white-color\" style=\"text-align:center\">Entr\u00e9e<\/h2><\/div>\n\n\n\n<div class=\"wp-block-getwid-advanced-heading has-custom-font-size\" style=\"font-size:14px\"><span class=\"wp-block-getwid-advanced-heading__content has-text-color has-white-color\" style=\"text-align:center;font-weight:500\">Des plats savoureux<\/span><\/div>\n<\/div><\/div><\/div><\/div><\/div>\n\n\n\n<div class=\"wp-block-getwid-section is-style-rounded\" style=\"margin-top:44px;margin-bottom:60px\"><div class=\"wp-block-getwid-section__wrapper\" style=\"min-height:330px\"><div class=\"wp-block-getwid-section__inner-wrapper\"><div class=\"wp-block-getwid-section__background-holder\"><div class=\"wp-block-getwid-section__background\" style=\"background-image:url('https:\/\/saldae-dz.com\/wp-content\/uploads\/2019\/10\/dinner.jpg')\"><div class=\"wp-block-getwid-section__background-image-wrapper\"><img decoding=\"async\" class=\"wp-block-getwid-section__background-image\" src=\"https:\/\/saldae-dz.com\/wp-content\/uploads\/2019\/10\/dinner.jpg\" alt=\"\"\/><\/div><\/div><div class=\"wp-block-getwid-section__foreground\"><\/div><\/div><div class=\"wp-block-getwid-section__content\"><div class=\"wp-block-getwid-section__inner-content\">\n<div class=\"wp-block-getwid-advanced-heading has-custom-font-size\" style=\"font-size:48px;margin-bottom:5px\"><h2 class=\"wp-block-getwid-advanced-heading__content has-text-color has-white-color\" style=\"text-align:center\">D\u00eener<\/h2><\/div>\n\n\n\n<div class=\"wp-block-getwid-advanced-heading has-custom-font-size\" style=\"font-size:14px\"><span class=\"wp-block-getwid-advanced-heading__content has-text-color has-white-color\" style=\"text-align:center;font-weight:500\">Tout ce dont vous r\u00eavez dans l&rsquo;assiette<\/span><\/div>\n<\/div><\/div><\/div><\/div><\/div>\n\n\n\n<div class=\"wp-block-getwid-section is-style-rounded\" style=\"margin-top:44px;margin-bottom:60px\"><div class=\"wp-block-getwid-section__wrapper\" style=\"min-height:330px\"><div class=\"wp-block-getwid-section__inner-wrapper\"><div class=\"wp-block-getwid-section__background-holder\"><div class=\"wp-block-getwid-section__background\" style=\"background-image:url('https:\/\/saldae-dz.com\/wp-content\/uploads\/2019\/10\/drinks.jpg')\"><div class=\"wp-block-getwid-section__background-image-wrapper\"><img decoding=\"async\" class=\"wp-block-getwid-section__background-image\" src=\"https:\/\/saldae-dz.com\/wp-content\/uploads\/2019\/10\/drinks.jpg\" alt=\"\"\/><\/div><\/div><div class=\"wp-block-getwid-section__foreground\"><\/div><\/div><div class=\"wp-block-getwid-section__content\"><div class=\"wp-block-getwid-section__inner-content\">\n<div class=\"wp-block-getwid-advanced-heading has-custom-font-size\" style=\"font-size:48px;margin-bottom:5px\"><h2 class=\"wp-block-getwid-advanced-heading__content has-text-color has-white-color\" style=\"text-align:center\">Boissons<\/h2><\/div>\n\n\n\n<div class=\"wp-block-getwid-advanced-heading has-custom-font-size\" style=\"font-size:14px\"><span class=\"wp-block-getwid-advanced-heading__content has-text-color has-white-color\" style=\"text-align:center;font-weight:500\">Des boissons chaudes, rafra\u00eechissantes, fra\u00eeches ou acidul\u00e9es pour vous<\/span><\/div>\n<\/div><\/div><\/div><\/div><\/div>","protected":false},"excerpt":{"rendered":"<p>Savourez des mets d\u00e9licieux au restaurant \u00ab\u00a0Dar El Bahr\u00a0\u00bb. Des plats succulents accompagn\u00e9s d&rsquo;une vue imprenable depuis la terrasse et des couchers de soleil incroyables laisseront une empreinte ind\u00e9l\u00e9bile dans votre m\u00e9moire.<\/p>","protected":false},"author":1,"featured_media":0,"parent":0,"menu_order":0,"comment_status":"closed","ping_status":"closed","template":"template-wide-page.php","meta":{"inline_featured_image":false,"footnotes":""},"class_list":["post-1499","page","type-page","status-publish","hentry"],"_links":{"self":[{"href":"https:\/\/saldae-dz.com\/ar\/wp-json\/wp\/v2\/pages\/1499","targetHints":{"allow":["GET"]}}],"collection":[{"href":"https:\/\/saldae-dz.com\/ar\/wp-json\/wp\/v2\/pages"}],"about":[{"href":"https:\/\/saldae-dz.com\/ar\/wp-json\/wp\/v2\/types\/page"}],"author":[{"embeddable":true,"href":"https:\/\/saldae-dz.com\/ar\/wp-json\/wp\/v2\/users\/1"}],"replies":[{"embeddable":true,"href":"https:\/\/saldae-dz.com\/ar\/wp-json\/wp\/v2\/comments?post=1499"}],"version-history":[{"count":12,"href":"https:\/\/saldae-dz.com\/ar\/wp-json\/wp\/v2\/pages\/1499\/revisions"}],"predecessor-version":[{"id":3189,"href":"https:\/\/saldae-dz.com\/ar\/wp-json\/wp\/v2\/pages\/1499\/revisions\/3189"}],"wp:attachment":[{"href":"https:\/\/saldae-dz.com\/ar\/wp-json\/wp\/v2\/media?parent=1499"}],"curies":[{"name":"wp","href":"https:\/\/api.w.org\/{rel}","templated":true}]}}